{"id":2099,"date":"2025-09-18T11:41:31","date_gmt":"2025-09-18T11:41:31","guid":{"rendered":"https:\/\/www.masdeu.net\/recetas\/?post_type=product&#038;p=2099"},"modified":"2025-12-22T08:12:59","modified_gmt":"2025-12-22T08:12:59","slug":"saint-chocolat","status":"publish","type":"product","link":"https:\/\/www.masdeu.net\/recetas\/recetas\/saint-chocolat\/","title":{"rendered":"Saint Chocolat"},"content":{"rendered":"<div class=\"wpb-content-wrapper\"><p>[vc_row type=\u00bbboxed\u00bb][vc_column][vc_column_text]<\/p>\n<p style=\"text-align: center;\"><span style=\"font-size: 20pt; color: #000000; font-family: playfair-bold-italic;\">Productos relacionados<\/span><\/p>\n<p>[\/vc_column_text][vc_row_inner type=\u00bbboxed\u00bb][vc_column_inner][vc_images_carousel images=\u00bb1864,1868&#8243; img_size=\u00bbfull\u00bb onclick=\u00bbcustom_link\u00bb slides_per_view=\u00bb3&#8243; hide_pagination_control=\u00bbyes\u00bb wrap=\u00bbyes\u00bb css=\u00bb\u00bb el_class=\u00bbrecetas3&#8243; custom_links=\u00bb#E-8_aHR0cHMlM0ElMkYlMkZ3d3cubWFzZGV1Lm5ldCUyRnByb2R1Y3RvcyUyRmJpemNvY2hvJTJGcGxhbmNoYS1kZS1iaXpjb2Noby1lbnJvbGxhYmxlJTJGJTJDaHR0cHMlM0ElMkYlMkZ3d3cubWFzZGV1Lm5ldCUyRnByb2R1Y3RvcyUyRmJpemNvY2hvJTJGcGxhbmNoYS1kZS1iaXpjb2Noby1lbnJvbGxhYmxlLWNhY2FvJTJGJTJD\u00bb][\/vc_column_inner][\/vc_row_inner][\/vc_column][\/vc_row]<\/p>\n<\/div>","protected":false},"excerpt":{"rendered":"<p><strong>Elaboraci\u00f3n:<\/strong><\/p>\n<p><em><strong>Crema diplom\u00e1tica de chocolate<\/strong><\/em><\/p>\n<p>\u00b7 750g de crema pastelera al chocolate Vietnam 70%<br \/>\n\u00b7 600g de nata 35% m.g. semimontada<br \/>\n\u00b7 10g de gelatina en polvo<\/p>\n<p>Mezclar la gelatina rehidratada en una parte de crema pastelera caliente (35\u00b0C). Agregar la crema restante y mezclar bien. Finalmente, aligerar delicadamente con la nata semimontada.<\/p>\n<p>&nbsp;<\/p>\n<p><em><strong>Chantilly de vainilla<\/strong><\/em><\/p>\n<p>\u00b7 300g de nata 35% m.g.<br \/>\n\u00b7 1 vaina de vainilla<\/p>\n<p>Montar la nata y la vainilla en la batidora planetaria.<\/p>\n<p>&nbsp;<\/p>\n<p><em><strong>Crema de pralin\u00e9<\/strong><\/em><\/p>\n<p>\u00b7 600g de leche<br \/>\n\u00b7 400g de nata 35% m.g.<br \/>\n\u00b7 400g de pralin\u00e9 de avellana<br \/>\n\u00b7 200g de yemas de huevo<br \/>\n\u00b7 90g de almid\u00f3n de arroz<\/p>\n<p>Llevar a ebullici\u00f3n la leche con la nata y el pralin\u00e9 de avellana. Luego, mezclar las yemas con el almid\u00f3n de arroz. Disolver la mezcla con los l\u00edquidos<br \/>\ncalientes y poner al fuego hasta llegar a 82\u00b0C. Rebajar la crema a temperatura positiva (3\u00b0C) y rellenar los profiteroles.<\/p>\n<p>&nbsp;<\/p>\n<p><strong>Acabado:<\/strong><\/p>\n<p>Colocar la plancha de bizcocho encima de la masa quebrada.<br \/>\nEsparcir el alm\u00edbar a la vainilla y la crema diplom\u00e1tica de chocolate.<br \/>\nFinalmente, decorar con crema chantilly de vainilla y los profiteroles glaseados, rellenos con crema de pralin\u00e9.<br \/>\nDecorar al gusto.<\/p>\n","protected":false},"featured_media":2100,"comment_status":"open","ping_status":"closed","template":"","meta":[],"product_brand":[],"product_cat":[241],"product_tag":[],"class_list":{"0":"post-2099","1":"product","2":"type-product","3":"status-publish","4":"has-post-thumbnail","6":"product_cat-bizcocho","8":"first","9":"instock","10":"shipping-taxable","11":"product-type-simple"},"_links":{"self":[{"href":"https:\/\/www.masdeu.net\/recetas\/wp-json\/wp\/v2\/product\/2099","targetHints":{"allow":["GET"]}}],"collection":[{"href":"https:\/\/www.masdeu.net\/recetas\/wp-json\/wp\/v2\/product"}],"about":[{"href":"https:\/\/www.masdeu.net\/recetas\/wp-json\/wp\/v2\/types\/product"}],"replies":[{"embeddable":true,"href":"https:\/\/www.masdeu.net\/recetas\/wp-json\/wp\/v2\/comments?post=2099"}],"wp:featuredmedia":[{"embeddable":true,"href":"https:\/\/www.masdeu.net\/recetas\/wp-json\/wp\/v2\/media\/2100"}],"wp:attachment":[{"href":"https:\/\/www.masdeu.net\/recetas\/wp-json\/wp\/v2\/media?parent=2099"}],"wp:term":[{"taxonomy":"product_brand","embeddable":true,"href":"https:\/\/www.masdeu.net\/recetas\/wp-json\/wp\/v2\/product_brand?post=2099"},{"taxonomy":"product_cat","embeddable":true,"href":"https:\/\/www.masdeu.net\/recetas\/wp-json\/wp\/v2\/product_cat?post=2099"},{"taxonomy":"product_tag","embeddable":true,"href":"https:\/\/www.masdeu.net\/recetas\/wp-json\/wp\/v2\/product_tag?post=2099"}],"curies":[{"name":"wp","href":"https:\/\/api.w.org\/{rel}","templated":true}]}}