{"id":1813,"date":"2023-12-29T16:35:38","date_gmt":"2023-12-29T16:35:38","guid":{"rendered":"https:\/\/www.masdeu.net\/recetas\/?post_type=product&#038;p=1813"},"modified":"2025-09-17T15:38:33","modified_gmt":"2025-09-17T15:38:33","slug":"crema-de-lima-limon-con-fresitas-del-bosque","status":"publish","type":"product","link":"https:\/\/www.masdeu.net\/recetas\/recetas\/crema-de-lima-limon-con-fresitas-del-bosque\/","title":{"rendered":"Crema de Lima-lim\u00f3n con Fresitas del Bosque"},"content":{"rendered":"<div class=\"wpb-content-wrapper\"><p>[vc_row type=\u00bbboxed\u00bb][vc_column][vc_column_text]<\/p>\n<p style=\"text-align: center;\"><span style=\"font-size: 20pt; color: #000000; font-family: playfair-bold-italic;\">Recetas relacionadas<\/span><\/p>\n<p>[\/vc_column_text][vc_empty_space][vc_row_inner type=\u00bbboxed\u00bb][vc_column_inner][vc_images_carousel images=\u00bb656,659,916&#8243; img_size=\u00bbfull\u00bb onclick=\u00bbcustom_link\u00bb slides_per_view=\u00bb3&#8243; hide_pagination_control=\u00bbyes\u00bb wrap=\u00bbyes\u00bb el_class=\u00bbrecetas3&#8243; custom_links=\u00bb#E-8_aHR0cHMlM0ElMkYlMkZ3d3cubWFzZGV1Lm5ldCUyRnJlY2V0YXMlMkZyZWNldGFzJTJGdm9sb3Zhbi1kZS1jaGFtcGlub25lcyUyRiUyQ2h0dHBzJTNBJTJGJTJGd3d3Lm1hc2RldS5uZXQlMkZyZWNldGFzJTJGcmVjZXRhcyUyRnZvbG92YW4tZGUtbmF2aWRhZCUyRiUyQ2h0dHBzJTNBJTJGJTJGd3d3Lm1hc2RldS5uZXQlMkZyZWNldGFzJTJGcmVjZXRhcyUyRnZvbG92YW4tZGUtc3VyaW1pLXktbWF5b25lc2ElMkY=\u00bb][\/vc_column_inner][\/vc_row_inner][\/vc_column][\/vc_row][vc_row type=\u00bbboxed\u00bb][vc_column][vc_empty_space][vc_separator][vc_empty_space][\/vc_column][\/vc_row][vc_row type=\u00bbboxed\u00bb][vc_column][vc_column_text]<\/p>\n<p style=\"text-align: center;\"><span style=\"font-size: 20pt; color: #000000; font-family: playfair-bold-italic;\">Productos relacionados<\/span><\/p>\n<p>[\/vc_column_text][vc_row_inner type=\u00bbboxed\u00bb][vc_column_inner][vc_images_carousel images=\u00bb1519,2076,1527,1515,1511&#8243; img_size=\u00bbfull\u00bb onclick=\u00bbcustom_link\u00bb slides_per_view=\u00bb3&#8243; hide_pagination_control=\u00bbyes\u00bb wrap=\u00bbyes\u00bb css=\u00bb\u00bb el_class=\u00bbrecetas3&#8243; custom_links=\u00bb#E-8_aHR0cHMlM0ElMkYlMkZ3d3cubWFzZGV1Lm5ldCUyRnByb2R1Y3RvcyUyRmhvamFsZHJlJTJGbWluaS12b2xvdmFuLTM2LW1tJTJGJTJDaHR0cHMlM0ElMkYlMkZ3d3cubWFzZGV1Lm5ldCUyRnByb2R1Y3RvcyUyRmhvamFsZHJlJTJGbWluaS12b2xvdmFuLWN1YWRyYWRvJTJGJTJDaHR0cHMlM0ElMkYlMkZ3d3cubWFzZGV1Lm5ldCUyRnByb2R1Y3RvcyUyRmhvamFsZHJlJTJGdm9sb3Zhbi01NS1tbSUyRiUyQ2h0dHBzJTNBJTJGJTJGd3d3Lm1hc2RldS5uZXQlMkZwcm9kdWN0b3MlMkZob2phbGRyZSUyRnZvbG92YW4tNzAtbW0lMkYlMkNodHRwcyUzQSUyRiUyRnd3dy5tYXNkZXUubmV0JTJGcHJvZHVjdG9zJTJGaG9qYWxkcmUlMkZ2b2xvdmFuLTgzLW1tJTJG\u00bb][\/vc_column_inner][\/vc_row_inner][\/vc_column][\/vc_row]<\/p>\n<\/div>","protected":false},"excerpt":{"rendered":"<p><strong>Ingredientes:\u00a0<\/strong><\/p>\n<p>\u00b7 20-25 mini vol-au-vents Masdeu<br \/>\n\u00b7 Crema de lim\u00f3n<\/p>\n<p style=\"padding-left: 40px;\">55 ml de zumo de lim\u00f3n<br \/>\n55 ml de zumo de lima<br \/>\n120 g de az\u00facar<br \/>\n140 g de huevo<br \/>\n160 g de mantequilla<br \/>\n1 hoja de gelatina, de 2 g cada hoja<\/p>\n<p>\u00b7 80 g de fresas cortadas en dados tipo tartar<br \/>\n\u00b7 4 hojas de menta fresca<\/p>\n<p>&nbsp;<\/p>\n<p><strong>Elaboraci\u00f3n:<\/strong><\/p>\n<p><em><strong>Crema de lim\u00f3n y lima<\/strong><\/em><br \/>\n1. Calentar el zumo de lim\u00f3n, el zumo de lima, el az\u00facar y el huevo al ba\u00f1o mar\u00eda hasta espesar.<br \/>\n2. A\u00f1adir la gelatina previamente rehidratada y la mantequilla y emulsionar.<\/p>\n<p>&nbsp;<\/p>\n<p><strong>Acabado:<\/strong><\/p>\n<p>Rellenar el vol-au-vent de crema de lima-lim\u00f3n fr\u00eda con boquilla rizada.<\/p>\n<p>Mezclar las fresas con la menta picada.<\/p>\n<p>A\u00f1adir por encima de la crema de lim\u00f3n las fresas en tartar.<\/p>\n","protected":false},"featured_media":1814,"comment_status":"open","ping_status":"closed","template":"","meta":[],"product_brand":[],"product_cat":[62],"product_tag":[],"class_list":{"0":"post-1813","1":"product","2":"type-product","3":"status-publish","4":"has-post-thumbnail","6":"product_cat-hojaldre","8":"first","9":"instock","10":"shipping-taxable","11":"product-type-simple"},"_links":{"self":[{"href":"https:\/\/www.masdeu.net\/recetas\/wp-json\/wp\/v2\/product\/1813","targetHints":{"allow":["GET"]}}],"collection":[{"href":"https:\/\/www.masdeu.net\/recetas\/wp-json\/wp\/v2\/product"}],"about":[{"href":"https:\/\/www.masdeu.net\/recetas\/wp-json\/wp\/v2\/types\/product"}],"replies":[{"embeddable":true,"href":"https:\/\/www.masdeu.net\/recetas\/wp-json\/wp\/v2\/comments?post=1813"}],"wp:featuredmedia":[{"embeddable":true,"href":"https:\/\/www.masdeu.net\/recetas\/wp-json\/wp\/v2\/media\/1814"}],"wp:attachment":[{"href":"https:\/\/www.masdeu.net\/recetas\/wp-json\/wp\/v2\/media?parent=1813"}],"wp:term":[{"taxonomy":"product_brand","embeddable":true,"href":"https:\/\/www.masdeu.net\/recetas\/wp-json\/wp\/v2\/product_brand?post=1813"},{"taxonomy":"product_cat","embeddable":true,"href":"https:\/\/www.masdeu.net\/recetas\/wp-json\/wp\/v2\/product_cat?post=1813"},{"taxonomy":"product_tag","embeddable":true,"href":"https:\/\/www.masdeu.net\/recetas\/wp-json\/wp\/v2\/product_tag?post=1813"}],"curies":[{"name":"wp","href":"https:\/\/api.w.org\/{rel}","templated":true}]}}