{"id":1111,"date":"2019-05-09T10:48:28","date_gmt":"2019-05-09T10:48:28","guid":{"rendered":"https:\/\/www.masdeu.net\/recetas\/recetas\/macaron-tricolor\/"},"modified":"2025-04-30T16:01:13","modified_gmt":"2025-04-30T16:01:13","slug":"macaron-tricolor","status":"publish","type":"product","link":"https:\/\/www.masdeu.net\/recetas\/recetas\/macaron-tricolor\/","title":{"rendered":"Macaron Tricolor"},"content":{"rendered":"<div class=\"wpb-content-wrapper\"><p>[vc_row type=\u00bbboxed\u00bb][vc_column][vc_column_text]<\/p>\n<p style=\"text-align: center;\"><span style=\"font-size: 20pt; color: #000000; font-family: playfair-bold-italic;\">Recetas relacionadas<\/span><\/p>\n<p>[\/vc_column_text][vc_empty_space][vc_row_inner type=\u00bbboxed\u00bb][vc_column_inner][vc_images_carousel images=\u00bb613,595,604&#8243; img_size=\u00bbfull\u00bb onclick=\u00bbcustom_link\u00bb slides_per_view=\u00bb3&#8243; hide_pagination_control=\u00bbyes\u00bb wrap=\u00bbyes\u00bb el_class=\u00bbrecetas3&#8243; custom_links=\u00bbhttps:\/\/www.masdeu.net\/recetas\/recetas\/tentacion-irresistible\/,https:\/\/www.masdeu.net\/recetas\/recetas\/bocado-de-violetas\/,https:\/\/www.masdeu.net\/recetas\/recetas\/idilio-de-pistacho\/\u00bb][\/vc_column_inner][\/vc_row_inner][\/vc_column][\/vc_row][vc_row type=\u00bbboxed\u00bb][vc_column][vc_empty_space][vc_separator][vc_empty_space][\/vc_column][\/vc_row][vc_row type=\u00bbboxed\u00bb][vc_column][vc_column_text]<\/p>\n<p style=\"text-align: center;\"><span style=\"font-size: 20pt; color: #000000; font-family: playfair-bold-italic;\">Productos relacionados<\/span><\/p>\n<p>[\/vc_column_text][vc_row_inner type=\u00bbboxed\u00bb][vc_column_inner][vc_images_carousel images=\u00bb568,571,574&#8243; img_size=\u00bbfull\u00bb onclick=\u00bbcustom_link\u00bb slides_per_view=\u00bb3&#8243; hide_pagination_control=\u00bbyes\u00bb wrap=\u00bbyes\u00bb el_class=\u00bbrecetas3&#8243; custom_links=\u00bb#E-8_aHR0cHMlM0ElMkYlMkZ3d3cubWFzZGV1Lm5ldCUyRnByb2R1Y3RvcyUyRm1hY2Fyb25zJTJGbWFjYXJvbi1uZXV0cm8lMkYlMkNodHRwcyUzQSUyRiUyRnd3dy5tYXNkZXUubmV0JTJGcHJvZHVjdG9zJTJGbWFjYXJvbnMlMkZtYWNhcm9uLXJvc2ElMkYlMkNodHRwcyUzQSUyRiUyRnd3dy5tYXNkZXUubmV0JTJGcHJvZHVjdG9zJTJGbWFjYXJvbnMlMkZtYWNhcm9uLW5hcmFuamElMkYlMkM=\u00bb][\/vc_column_inner][\/vc_row_inner][\/vc_column][\/vc_row]<\/p>\n<\/div>","protected":false},"excerpt":{"rendered":"<p><strong>Ingredientes:<\/strong><\/p>\n<p>\u00b7 12 Macarons rosa Masdeu (DIS602)<br \/>\n\u00b7 12 Macarons neutro Masdeu (DIS601)<br \/>\n\u00b7 250 ml de leche<br \/>\n\u00b7 Una rama de canela<br \/>\n\u00b7 40 g de nueces picadas<br \/>\n\u00b7 75 g de az\u00facar<br \/>\n\u00b7 1 cucharadita de canela<br \/>\n\u00b7 2 cucharadita de harina de ma\u00edz<\/p>\n<p>&nbsp;<\/p>\n<p><strong>Preparaci\u00f3n:<\/strong><\/p>\n<p>Separar medio vaso de agua y poner el resto a fuego lento juntamente con la rama de canela, las nueces picadas y el az\u00facar.<\/p>\n<p>A\u00f1adir dos cucharaditas de harina de ma\u00edz al vaso de leche que hemos apartado y remover.<\/p>\n<p>Cuando la leche que tenemos en el fuego empiece a hervir, sacar la rama de canela, a\u00f1adir la cucharadita de canela en polvo y la leche previamente mezclada con la harina.<\/p>\n<p>Agitar bien con las varillas y retirar la mezcla del fuego.<\/p>\n<p>Dejar que se enfr\u00ede antes de rellenar los macarons de diferentes colores y despu\u00e9s esperar m\u00ednimo 5 horas antes de servir.<\/p>\n","protected":false},"featured_media":626,"comment_status":"closed","ping_status":"closed","template":"","meta":[],"product_brand":[],"product_cat":[131],"product_tag":[],"class_list":{"0":"post-1111","1":"product","2":"type-product","3":"status-publish","4":"has-post-thumbnail","6":"product_cat-macarons","8":"first","9":"instock","10":"product-type-simple"},"_links":{"self":[{"href":"https:\/\/www.masdeu.net\/recetas\/wp-json\/wp\/v2\/product\/1111","targetHints":{"allow":["GET"]}}],"collection":[{"href":"https:\/\/www.masdeu.net\/recetas\/wp-json\/wp\/v2\/product"}],"about":[{"href":"https:\/\/www.masdeu.net\/recetas\/wp-json\/wp\/v2\/types\/product"}],"replies":[{"embeddable":true,"href":"https:\/\/www.masdeu.net\/recetas\/wp-json\/wp\/v2\/comments?post=1111"}],"wp:featuredmedia":[{"embeddable":true,"href":"https:\/\/www.masdeu.net\/recetas\/wp-json\/wp\/v2\/media\/626"}],"wp:attachment":[{"href":"https:\/\/www.masdeu.net\/recetas\/wp-json\/wp\/v2\/media?parent=1111"}],"wp:term":[{"taxonomy":"product_brand","embeddable":true,"href":"https:\/\/www.masdeu.net\/recetas\/wp-json\/wp\/v2\/product_brand?post=1111"},{"taxonomy":"product_cat","embeddable":true,"href":"https:\/\/www.masdeu.net\/recetas\/wp-json\/wp\/v2\/product_cat?post=1111"},{"taxonomy":"product_tag","embeddable":true,"href":"https:\/\/www.masdeu.net\/recetas\/wp-json\/wp\/v2\/product_tag?post=1111"}],"curies":[{"name":"wp","href":"https:\/\/api.w.org\/{rel}","templated":true}]}}