{"id":2053,"date":"2025-09-05T19:04:03","date_gmt":"2025-09-05T19:04:03","guid":{"rendered":"https:\/\/www.masdeu.net\/recetas\/?post_type=product&#038;p=2053"},"modified":"2025-09-05T19:07:21","modified_gmt":"2025-09-05T19:07:21","slug":"007","status":"publish","type":"product","link":"https:\/\/www.masdeu.net\/recetas\/fr\/recetas\/007\/","title":{"rendered":"007"},"content":{"rendered":"<div class=\"wpb-content-wrapper\"><p>[vc_row type=\u00a0\u00bbboxed\u00a0\u00bb][vc_column][vc_column_text]<\/p>\n<p style=\"text-align: center;\"><span style=\"font-size: 20pt; color: #000000; font-family: playfair-bold-italic;\">Recettes associ\u00e9es<\/span><\/p>\n<p>[\/vc_column_text][vc_empty_space][vc_row_inner type=\u00a0\u00bbboxed\u00a0\u00bb][vc_column_inner][vc_images_carousel images=\u00a0\u00bb752,761,749,728,731,737&Prime; img_size=\u00a0\u00bbfull\u00a0\u00bb onclick=\u00a0\u00bbcustom_link\u00a0\u00bb slides_per_view=\u00a0\u00bb3&Prime; hide_pagination_control=\u00a0\u00bbyes\u00a0\u00bb wrap=\u00a0\u00bbyes\u00a0\u00bb el_class=\u00a0\u00bbrecetas3&Prime; custom_links=\u00a0\u00bb#E-8_aHR0cHMlM0ElMkYlMkZ3d3cubWFzZGV1Lm5ldCUyRnJlY2V0YXMlMkZmciUyRnJlY2V0YXMlMkZtaW5pLWNvbmVzLWdhcm5pcy1kZS1mcm9tYWdlLWJsZXUlMkYlMkNodHRwcyUzQSUyRiUyRnd3dy5tYXNkZXUubmV0JTJGcmVjZXRhcyUyRmZyJTJGcmVjZXRhcyUyRm1pbmktY29uZXMtZ2FybmlzLWRlLXNhdW1vbiUyRiUyQ2h0dHBzJTNBJTJGJTJGd3d3Lm1hc2RldS5uZXQlMkZyZWNldGFzJTJGZnIlMkZyZWNldGFzJTJGbWluaS1jb25lcy1nYXJuaXMtZGUtbWF5b25uYWlzZSUyRiUyQ2h0dHBzJTNBJTJGJTJGd3d3Lm1hc2RldS5uZXQlMkZyZWNldGFzJTJGZnIlMkZyZWNldGFzJTJGbWluaS1jb25lcy1hdS1zZXNhbWUtZ2FybmlzLWRlLWZyb21hZ2Utcmljb3R0YSUyRiUyQyUyMGh0dHBzJTNBJTJGJTJGd3d3Lm1hc2RldS5uZXQlMkZyZWNldGFzJTJGZnIlMkZyZWNldGFzJTJGbWluaS1jb25lcy1hdS1zZXNhbWUtZ2FybmlzLWRlLWJyYW5kYWRlLWRlLW1vcnVlJTJGJTJDJTIwaHR0cHMlM0ElMkYlMkZ3d3cubWFzZGV1Lm5ldCUyRnJlY2V0YXMlMkZmciUyRnJlY2V0YXMlMkZtaW5pLWNvbmVzLWF1LXNlc2FtZS1nYXJuaXMtZGUtc291YnJlc3NhZGUlMkY=\u00a0\u00bb][\/vc_column_inner][\/vc_row_inner][\/vc_column][\/vc_row][vc_row type=\u00a0\u00bbboxed\u00a0\u00bb][vc_column][vc_empty_space][vc_separator][vc_empty_space][\/vc_column][\/vc_row][vc_row type=\u00a0\u00bbboxed\u00a0\u00bb][vc_column][vc_column_text]<\/p>\n<p style=\"text-align: center;\"><span style=\"font-size: 20pt; color: #000000; font-family: playfair-bold-italic;\">Produits associ\u00e9s<\/span><\/p>\n<p>[\/vc_column_text][vc_row_inner type=\u00a0\u00bbboxed\u00a0\u00bb][vc_column_inner][vc_images_carousel images=\u00a0\u00bb770,773,767,782,995&Prime; img_size=\u00a0\u00bbfull\u00a0\u00bb onclick=\u00a0\u00bbcustom_link\u00a0\u00bb slides_per_view=\u00a0\u00bb3&Prime; hide_pagination_control=\u00a0\u00bbyes\u00a0\u00bb wrap=\u00a0\u00bbyes\u00a0\u00bb el_class=\u00a0\u00bbrecetas3&Prime; custom_links=\u00a0\u00bb#E-8_aHR0cHMlM0ElMkYlMkZ3d3cubWFzZGV1Lm5ldCUyRmZyJTJGcHJvZHVjdG9zJTJGZ2F1ZnJldHRlJTJGbWluaS1jb25lLWJhc2lsaWMtaW1wZXJtZWFiaWxpc2UlMkYlMkNodHRwcyUzQSUyRiUyRnd3dy5tYXNkZXUubmV0JTJGZnIlMkZwcm9kdWN0b3MlMkZnYXVmcmV0dGUlMkZtaW5pLWNvbmUtdG9tYXRlLWltcGVybWVhYmlsaXNlJTJGJTJDaHR0cHMlM0ElMkYlMkZ3d3cubWFzZGV1Lm5ldCUyRmZyJTJGcHJvZHVjdG9zJTJGZ2F1ZnJldHRlJTJGbWluaS1jb25lLW5ldXRyZS1pbXBlcm1lYWJpbGlzZSUyRiUyQ2h0dHBzJTNBJTJGJTJGd3d3Lm1hc2RldS5uZXQlMkZmciUyRnByb2R1Y3RvcyUyRmdhdWZyZXR0ZSUyRm1pbmktY29uZS1zZXNhbWUtbm9pci1pbXBlcm1lYWJpbGlzZSUyRiUyQ2h0dHBzJTNBJTJGJTJGd3d3Lm1hc2RldS5uZXQlMkZmciUyRnByb2R1Y3RvcyUyRmdhdWZyZXR0ZSUyRmNvbmUtdGFwYS1zZXNhbWUtbm9pci1pbXBlcm1lYWJpbGlzZSUyRg==\u00a0\u00bb][\/vc_column_inner][\/vc_row_inner][\/vc_column][\/vc_row]<\/p>\n<\/div>","protected":false},"excerpt":{"rendered":"<p><strong>Pr\u00e9paration:<\/strong><\/p>\n<p><strong><em>G\u00e9latine de tomate<\/em><\/strong><\/p>\n<p>\u00b7 400g de tomates grappe<br \/>\n\u00b7 100g de pulpe de cassis<br \/>\n\u00b7 4g d&rsquo;agar-agar<br \/>\n\u00b7 Huile<br \/>\n\u00b7 Sel<br \/>\n\u00b7 Poivre<\/p>\n<p>Faire revenir la tomate avec l&rsquo;huile, le sel et le poivre dans une casserole couverte.<br \/>\nAjouter ensuite la pulpe de cassis et l&rsquo;agar agar.<\/p>\n<p><strong><em>Cr\u00e8me mont\u00e9e aux olives<\/em><\/strong><\/p>\n<p>\u00b7 200g de fromage \u00e0 tartiner<br \/>\n\u00b7 50g de p\u00e2t\u00e9 d\u2019olives<\/p>\n<p>Travailler dans le batteur le fromage \u00e0 tartiner.<br \/>\nAjouter la p\u00e2te d&rsquo;olives et laisser monter.<br \/>\nPorter \u00e0 \u00e9bullition, m\u00e9langer et enfin tamiser.<\/p>\n<p>&nbsp;<\/p>\n<p><strong>Assemblage:<\/strong><\/p>\n<p>Remplir le fond du mini c\u00f4ne avec la g\u00e9latine de tomates.<br \/>\nA la poche \u00e0 douille, garnir le reste du mini c\u00f4ne avec la cr\u00e8me aux olives.<br \/>\nD\u00e9corer \u00e0 votre go\u00fbt.<\/p>\n","protected":false},"featured_media":2033,"comment_status":"open","ping_status":"closed","template":"","meta":[],"product_brand":[],"product_cat":[43],"product_tag":[],"class_list":{"0":"post-2053","1":"product","2":"type-product","3":"status-publish","4":"has-post-thumbnail","6":"product_cat-biscuit","8":"first","9":"instock","10":"shipping-taxable","11":"product-type-simple"},"_links":{"self":[{"href":"https:\/\/www.masdeu.net\/recetas\/fr\/wp-json\/wp\/v2\/product\/2053","targetHints":{"allow":["GET"]}}],"collection":[{"href":"https:\/\/www.masdeu.net\/recetas\/fr\/wp-json\/wp\/v2\/product"}],"about":[{"href":"https:\/\/www.masdeu.net\/recetas\/fr\/wp-json\/wp\/v2\/types\/product"}],"replies":[{"embeddable":true,"href":"https:\/\/www.masdeu.net\/recetas\/fr\/wp-json\/wp\/v2\/comments?post=2053"}],"wp:featuredmedia":[{"embeddable":true,"href":"https:\/\/www.masdeu.net\/recetas\/fr\/wp-json\/wp\/v2\/media\/2033"}],"wp:attachment":[{"href":"https:\/\/www.masdeu.net\/recetas\/fr\/wp-json\/wp\/v2\/media?parent=2053"}],"wp:term":[{"taxonomy":"product_brand","embeddable":true,"href":"https:\/\/www.masdeu.net\/recetas\/fr\/wp-json\/wp\/v2\/product_brand?post=2053"},{"taxonomy":"product_cat","embeddable":true,"href":"https:\/\/www.masdeu.net\/recetas\/fr\/wp-json\/wp\/v2\/product_cat?post=2053"},{"taxonomy":"product_tag","embeddable":true,"href":"https:\/\/www.masdeu.net\/recetas\/fr\/wp-json\/wp\/v2\/product_tag?post=2053"}],"curies":[{"name":"wp","href":"https:\/\/api.w.org\/{rel}","templated":true}]}}