{"id":1956,"date":"2024-05-09T10:47:38","date_gmt":"2024-05-09T10:47:38","guid":{"rendered":"https:\/\/www.masdeu.net\/recetas\/recetas\/creme-citron-citron-vert-et-fraises\/"},"modified":"2025-09-17T15:56:56","modified_gmt":"2025-09-17T15:56:56","slug":"creme-citron-citron-vert-et-fraises","status":"publish","type":"product","link":"https:\/\/www.masdeu.net\/recetas\/fr\/recetas\/creme-citron-citron-vert-et-fraises\/","title":{"rendered":"Cr\u00e8me citron- citron vert et fraises"},"content":{"rendered":"<div class=\"wpb-content-wrapper\"><p>[vc_row type=\u00a0\u00bbboxed\u00a0\u00bb][vc_column][vc_column_text]<\/p>\n<p style=\"text-align: center;\"><span style=\"font-size: 20pt; color: #000000; font-family: playfair-bold-italic;\">Recettes associ\u00e9es<\/span><\/p>\n<p>[\/vc_column_text][vc_empty_space][vc_row_inner type=\u00a0\u00bbboxed\u00a0\u00bb][vc_column_inner][vc_images_carousel images=\u00a0\u00bb656,659,916&Prime; img_size=\u00a0\u00bbfull\u00a0\u00bb onclick=\u00a0\u00bbcustom_link\u00a0\u00bb slides_per_view=\u00a0\u00bb3&Prime; hide_pagination_control=\u00a0\u00bbyes\u00a0\u00bb wrap=\u00a0\u00bbyes\u00a0\u00bb el_class=\u00a0\u00bbrecetas3&Prime; custom_links=\u00a0\u00bb#E-8_aHR0cHMlM0ElMkYlMkZ3d3cubWFzZGV1Lm5ldCUyRnJlY2V0YXMlMkZmciUyRnJlY2V0YXMlMkZ2b2wtYXUtdmVudC1hdXgtY2hhbXBpZ25vbnMlMkYlMkNodHRwcyUzQSUyRiUyRnd3dy5tYXNkZXUubmV0JTJGcmVjZXRhcyUyRmZyJTJGcmVjZXRhcyUyRnZvbC1hdS12ZW50LWRlLW5vZWwlMkYlMkNodHRwcyUzQSUyRiUyRnd3dy5tYXNkZXUubmV0JTJGcmVjZXRhcyUyRmZyJTJGcmVjZXRhcyUyRnZvbC1hdS12ZW50LWF1LXN1cmltaS1ldC1hLWxhLW1heW9ubmFpc2UlMkY=\u00a0\u00bb][\/vc_column_inner][\/vc_row_inner][\/vc_column][\/vc_row][vc_row type=\u00a0\u00bbboxed\u00a0\u00bb][vc_column][vc_empty_space][vc_separator][vc_empty_space][\/vc_column][\/vc_row][vc_row type=\u00a0\u00bbboxed\u00a0\u00bb][vc_column][vc_column_text]<\/p>\n<p style=\"text-align: center;\"><span style=\"font-size: 20pt; color: #000000; font-family: playfair-bold-italic;\">Produits associ\u00e9s<\/span><\/p>\n<p>[\/vc_column_text][vc_row_inner type=\u00a0\u00bbboxed\u00a0\u00bb][vc_column_inner][vc_images_carousel images=\u00a0\u00bb1519,2078,1527,1515,1511&Prime; img_size=\u00a0\u00bbfull\u00a0\u00bb onclick=\u00a0\u00bbcustom_link\u00a0\u00bb slides_per_view=\u00a0\u00bb3&Prime; hide_pagination_control=\u00a0\u00bbyes\u00a0\u00bb wrap=\u00a0\u00bbyes\u00a0\u00bb css=\u00a0\u00bb\u00a0\u00bb el_class=\u00a0\u00bbrecetas3&Prime; custom_links=\u00a0\u00bb#E-8_aHR0cHMlM0ElMkYlMkZ3d3cubWFzZGV1Lm5ldCUyRmZyJTJGcHJvZHVjdG9zJTJGcGF0ZS1mZXVpbGxldGVlJTJGbWluaS1ib3VjaGVlLTM2LW1tJTJGJTJDaHR0cHMlM0ElMkYlMkZ3d3cubWFzZGV1Lm5ldCUyRmZyJTJGcHJvZHVjdG9zJTJGcGF0ZS1mZXVpbGxldGVlJTJGbWluaS1ib3VjaGVlLWNhcnJlZSUyRiUyQ2h0dHBzJTNBJTJGJTJGd3d3Lm1hc2RldS5uZXQlMkZmciUyRnByb2R1Y3RvcyUyRnBhdGUtZmV1aWxsZXRlZSUyRmJvdWNoZWUtNTUtbW0lMkYlMkNodHRwcyUzQSUyRiUyRnd3dy5tYXNkZXUubmV0JTJGZnIlMkZwcm9kdWN0b3MlMkZwYXRlLWZldWlsbGV0ZWUlMkZib3VjaGVlLTcwLW1tJTJGJTJDaHR0cHMlM0ElMkYlMkZ3d3cubWFzZGV1Lm5ldCUyRmZyJTJGcHJvZHVjdG9zJTJGcGF0ZS1mZXVpbGxldGVlJTJGYm91Y2hlZS04My1tbSUyRg==\u00a0\u00bb][\/vc_column_inner][\/vc_row_inner][\/vc_column][\/vc_row]<\/p>\n<\/div>","protected":false},"excerpt":{"rendered":"<p><strong>Ingr\u00e9dients:\u00a0<\/strong><\/p>\n<p>\u00b7 20-25 mini vol-au-vents Masdeu<br \/>\n\u00b7 Cr\u00e8me citron<\/p>\n<p style=\"padding-left: 40px;\">55 ml de jus de citron<br \/>\n55 ml de jus de citron vert<br \/>\n120 g de sucre<br \/>\n140 g d&rsquo;oeuf<br \/>\n160 g de beurre<br \/>\n1 feuille de 2 g de g\u00e9latine<\/p>\n<p>\u00b7 80 g de fraises hach\u00e9es<br \/>\n\u00b7 4 feuilles de menthe<\/p>\n<p>&nbsp;<\/p>\n<p><strong>Pr\u00e9paration:<\/strong><\/p>\n<p><em><strong>Cr\u00e8me citron &#8211; citron verta<\/strong><\/em><br \/>\n1. Chauffer les jus de citron, le sucre et les oeufs au bain-marie jusqu&rsquo;\u00e0 \u00e9paississement.<br \/>\n2. Ajouter la g\u00e9latine pr\u00e9alablement r\u00e9 hydrat\u00e9e, le beurre et \u00e9mulsionner.<\/p>\n<p>&nbsp;<\/p>\n<p><strong>Assemblage:<\/strong><\/p>\n<p>Garnir les vol au vent avec la cr\u00e8me aux citrons froide en utilisant une douille fantaisie.<\/p>\n<p>Mixer la menthe et les fraises.<\/p>\n<p>Garnir les vol-au-vent avec le m\u00e9lange.<\/p>\n","protected":false},"featured_media":1816,"comment_status":"open","ping_status":"closed","template":"","meta":[],"product_brand":[],"product_cat":[44],"product_tag":[],"class_list":{"0":"post-1956","1":"product","2":"type-product","3":"status-publish","4":"has-post-thumbnail","6":"product_cat-pate-feuilletee","8":"first","9":"instock","10":"shipping-taxable","11":"product-type-simple"},"_links":{"self":[{"href":"https:\/\/www.masdeu.net\/recetas\/fr\/wp-json\/wp\/v2\/product\/1956","targetHints":{"allow":["GET"]}}],"collection":[{"href":"https:\/\/www.masdeu.net\/recetas\/fr\/wp-json\/wp\/v2\/product"}],"about":[{"href":"https:\/\/www.masdeu.net\/recetas\/fr\/wp-json\/wp\/v2\/types\/product"}],"replies":[{"embeddable":true,"href":"https:\/\/www.masdeu.net\/recetas\/fr\/wp-json\/wp\/v2\/comments?post=1956"}],"wp:featuredmedia":[{"embeddable":true,"href":"https:\/\/www.masdeu.net\/recetas\/fr\/wp-json\/wp\/v2\/media\/1816"}],"wp:attachment":[{"href":"https:\/\/www.masdeu.net\/recetas\/fr\/wp-json\/wp\/v2\/media?parent=1956"}],"wp:term":[{"taxonomy":"product_brand","embeddable":true,"href":"https:\/\/www.masdeu.net\/recetas\/fr\/wp-json\/wp\/v2\/product_brand?post=1956"},{"taxonomy":"product_cat","embeddable":true,"href":"https:\/\/www.masdeu.net\/recetas\/fr\/wp-json\/wp\/v2\/product_cat?post=1956"},{"taxonomy":"product_tag","embeddable":true,"href":"https:\/\/www.masdeu.net\/recetas\/fr\/wp-json\/wp\/v2\/product_tag?post=1956"}],"curies":[{"name":"wp","href":"https:\/\/api.w.org\/{rel}","templated":true}]}}