{"id":1939,"date":"2024-04-05T16:27:42","date_gmt":"2024-04-05T16:27:42","guid":{"rendered":"https:\/\/www.masdeu.net\/recetas\/recetas\/macaron-mojito\/"},"modified":"2025-04-29T16:31:35","modified_gmt":"2025-04-29T16:31:35","slug":"macaron-mojito","status":"publish","type":"product","link":"https:\/\/www.masdeu.net\/recetas\/fr\/recetas\/macaron-mojito\/","title":{"rendered":"Macaron Mojito"},"content":{"rendered":"<div class=\"wpb-content-wrapper\"><p>[vc_row type=\u00a0\u00bbboxed\u00a0\u00bb][vc_column][vc_column_text]<\/p>\n<p style=\"text-align: center;\"><span style=\"font-size: 20pt; color: #000000; font-family: playfair-bold-italic;\">Recettes associ\u00e9es<\/span><\/p>\n<p>[\/vc_column_text][vc_empty_space][vc_row_inner type=\u00a0\u00bbboxed\u00a0\u00bb][vc_column_inner][vc_images_carousel images=\u00a0\u00bb610,613,607&Prime; img_size=\u00a0\u00bbfull\u00a0\u00bb onclick=\u00a0\u00bbcustom_link\u00a0\u00bb slides_per_view=\u00a0\u00bb3&Prime; hide_pagination_control=\u00a0\u00bbyes\u00a0\u00bb wrap=\u00a0\u00bbyes\u00a0\u00bb el_class=\u00a0\u00bbrecetas3&Prime; custom_links=\u00a0\u00bb#E-8_aHR0cHMlM0ElMkYlMkZ3d3cubWFzZGV1Lm5ldCUyRnJlY2V0YXMlMkZmciUyRnJlY2V0YXMlMkZub2lzZXR0ZXMtc2F2b3VyZXVzZXMlMkYlMkNodHRwcyUzQSUyRiUyRnd3dy5tYXNkZXUubmV0JTJGcmVjZXRhcyUyRmZyJTJGcmVjZXRhcyUyRnRlbnRhdGlvbnMtaXJyZXNpc3RpYmxlcyUyRiUyQ2h0dHBzJTNBJTJGJTJGd3d3Lm1hc2RldS5uZXQlMkZyZWNldGFzJTJGZnIlMkZyZWNldGFzJTJGbWFjYXJvbnMtdHJpY29sb3JlcyUyRg==\u00a0\u00bb][\/vc_column_inner][\/vc_row_inner][\/vc_column][\/vc_row][vc_row type=\u00a0\u00bbboxed\u00a0\u00bb][vc_column][vc_empty_space][vc_separator][vc_empty_space][\/vc_column][\/vc_row][vc_row type=\u00a0\u00bbboxed\u00a0\u00bb][vc_column][vc_column_text]<\/p>\n<p style=\"text-align: center;\"><span style=\"font-size: 20pt; color: #000000; font-family: playfair-bold-italic;\">Produits associ\u00e9s<\/span><\/p>\n<p>[\/vc_column_text][vc_row_inner type=\u00a0\u00bbboxed\u00a0\u00bb][vc_column_inner][vc_images_carousel images=\u00a0\u00bb568,589,577&Prime; img_size=\u00a0\u00bbfull\u00a0\u00bb onclick=\u00a0\u00bbcustom_link\u00a0\u00bb slides_per_view=\u00a0\u00bb3&Prime; hide_pagination_control=\u00a0\u00bbyes\u00a0\u00bb wrap=\u00a0\u00bbyes\u00a0\u00bb el_class=\u00a0\u00bbrecetas3&Prime; custom_links=\u00a0\u00bb#E-8_aHR0cHMlM0ElMkYlMkZ3d3cubWFzZGV1Lm5ldCUyRmZyJTJGcHJvZHVjdG9zJTJGbWFjYXJvbnMtZnIlMkZtYWNhcm9uLW5ldXRyZSUyRiUyQ2h0dHBzJTNBJTJGJTJGd3d3Lm1hc2RldS5uZXQlMkZmciUyRnByb2R1Y3RvcyUyRm1hY2Fyb25zLWZyJTJGbWFjYXJvbi1ub2lyJTJGJTJDaHR0cHMlM0ElMkYlMkZ3d3cubWFzZGV1Lm5ldCUyRmZyJTJGcHJvZHVjdG9zJTJGbWFjYXJvbnMtZnIlMkZtYWNhcm9uLXZlcnQlMkYlMkM=\u00a0\u00bb][\/vc_column_inner][\/vc_row_inner][\/vc_column][\/vc_row]<\/p>\n<\/div>","protected":false},"excerpt":{"rendered":"<p><strong>Ingr\u00e9dients:\u00a0<\/strong><\/p>\n<p>\u00b7 40 coquilles de macaron vert Masdeu<br \/>\n\u00b7 Ganache Mojito<\/p>\n<p style=\"padding-left: 40px;\">40 ml de cr\u00e8me (35% de mati\u00e8res grasses)<br \/>\n8 g de menthe fraiche<br \/>\n160 g de chocolat de couverture blanc<br \/>\n25 ml de jus de citron vert<br \/>\n5 ml de rhum blanc<br \/>\n8 g de sucre inverti<\/p>\n<p>&nbsp;<\/p>\n<p><strong>Pr\u00e9paration:<\/strong><br \/>\n1. Faire bouillir la cr\u00e8me avec le sucre inverti.<br \/>\n2. M\u00e9langer le chocolat et ajouter la cr\u00e8me.<br \/>\n3. Laisser refroidir et ajouter le jus, le rhum et la menthe.<br \/>\n4. Emulsionner et r\u00e9server.<\/p>\n<p>&nbsp;<\/p>\n<p><strong>Assemblage:<\/strong><\/p>\n<p>Placer la ganache sur la coque de macaron.<\/p>\n<p>Couvrir avec l&rsquo;autre coque et refroidir **.<\/p>\n<p>&nbsp;<\/p>\n<p><span style=\"font-size: 10pt;\"><em>**Il est recommand\u00e9 de laisser reposer 24 heures jusqu&rsquo;\u00e0 ce que le macaron absorbe l&rsquo;humidit\u00e9 de la garniture. \/em&gt;<\/em><\/span><\/p>\n","protected":false},"featured_media":1792,"comment_status":"closed","ping_status":"closed","template":"","meta":[],"product_brand":[],"product_cat":[136],"product_tag":[],"class_list":{"0":"post-1939","1":"product","2":"type-product","3":"status-publish","4":"has-post-thumbnail","6":"product_cat-macarons-fr","8":"first","9":"instock","10":"shipping-taxable","11":"product-type-simple"},"_links":{"self":[{"href":"https:\/\/www.masdeu.net\/recetas\/fr\/wp-json\/wp\/v2\/product\/1939","targetHints":{"allow":["GET"]}}],"collection":[{"href":"https:\/\/www.masdeu.net\/recetas\/fr\/wp-json\/wp\/v2\/product"}],"about":[{"href":"https:\/\/www.masdeu.net\/recetas\/fr\/wp-json\/wp\/v2\/types\/product"}],"replies":[{"embeddable":true,"href":"https:\/\/www.masdeu.net\/recetas\/fr\/wp-json\/wp\/v2\/comments?post=1939"}],"wp:featuredmedia":[{"embeddable":true,"href":"https:\/\/www.masdeu.net\/recetas\/fr\/wp-json\/wp\/v2\/media\/1792"}],"wp:attachment":[{"href":"https:\/\/www.masdeu.net\/recetas\/fr\/wp-json\/wp\/v2\/media?parent=1939"}],"wp:term":[{"taxonomy":"product_brand","embeddable":true,"href":"https:\/\/www.masdeu.net\/recetas\/fr\/wp-json\/wp\/v2\/product_brand?post=1939"},{"taxonomy":"product_cat","embeddable":true,"href":"https:\/\/www.masdeu.net\/recetas\/fr\/wp-json\/wp\/v2\/product_cat?post=1939"},{"taxonomy":"product_tag","embeddable":true,"href":"https:\/\/www.masdeu.net\/recetas\/fr\/wp-json\/wp\/v2\/product_tag?post=1939"}],"curies":[{"name":"wp","href":"https:\/\/api.w.org\/{rel}","templated":true}]}}