{"id":1180,"date":"2019-05-09T10:48:28","date_gmt":"2019-05-09T10:46:48","guid":{"rendered":"https:\/\/www.masdeu.net\/recetas\/recetas\/vol-au-vent-au-surimi-et-a-la-mayonnaise\/"},"modified":"2025-09-17T15:56:31","modified_gmt":"2025-09-17T15:56:31","slug":"vol-au-vent-au-surimi-et-a-la-mayonnaise","status":"publish","type":"product","link":"https:\/\/www.masdeu.net\/recetas\/fr\/recetas\/vol-au-vent-au-surimi-et-a-la-mayonnaise\/","title":{"rendered":"Vol-au-vent au Surimi et \u00e0 la Mayonnaise"},"content":{"rendered":"<div class=\"wpb-content-wrapper\"><p>[vc_row type=\u00a0\u00bbboxed\u00a0\u00bb][vc_column][vc_column_text]<\/p>\n<p style=\"text-align: center;\"><span style=\"font-size: 20pt; color: #000000; font-family: playfair-bold-italic;\">Recettes associ\u00e9es<\/span><\/p>\n<p>[\/vc_column_text][vc_empty_space][vc_row_inner type=\u00a0\u00bbboxed\u00a0\u00bb][vc_column_inner][vc_images_carousel images=\u00a0\u00bb658,661,664&Prime; img_size=\u00a0\u00bbfull\u00a0\u00bb onclick=\u00a0\u00bbcustom_link\u00a0\u00bb slides_per_view=\u00a0\u00bb3&Prime; hide_pagination_control=\u00a0\u00bbyes\u00a0\u00bb wrap=\u00a0\u00bbyes\u00a0\u00bb el_class=\u00a0\u00bbrecetas3&Prime; custom_links=\u00a0\u00bbhttps:\/\/www.masdeu.net\/recetas\/fr\/recetas\/vol-au-vent-aux-champignons\/,https:\/\/www.masdeu.net\/recetas\/fr\/recetas\/vol-au-vent-de-noel\/,https:\/\/www.masdeu.net\/recetas\/fr\/recetas\/mini-vol-au-vent-au-mascarpone\/\u00a0\u00bb][\/vc_column_inner][\/vc_row_inner][\/vc_column][\/vc_row][vc_row type=\u00a0\u00bbboxed\u00a0\u00bb][vc_column][vc_empty_space][vc_separator][vc_empty_space][\/vc_column][\/vc_row][vc_row type=\u00a0\u00bbboxed\u00a0\u00bb][vc_column][vc_column_text]<\/p>\n<p style=\"text-align: center;\"><span style=\"font-size: 20pt; color: #000000; font-family: playfair-bold-italic;\">Produits associ\u00e9s<\/span><\/p>\n<p>[\/vc_column_text][vc_row_inner type=\u00a0\u00bbboxed\u00a0\u00bb][vc_column_inner][vc_images_carousel images=\u00a0\u00bb1521,2078,1529,1517,1513&Prime; img_size=\u00a0\u00bbfull\u00a0\u00bb onclick=\u00a0\u00bbcustom_link\u00a0\u00bb slides_per_view=\u00a0\u00bb3&Prime; hide_pagination_control=\u00a0\u00bbyes\u00a0\u00bb wrap=\u00a0\u00bbyes\u00a0\u00bb css=\u00a0\u00bb\u00a0\u00bb el_class=\u00a0\u00bbrecetas3&Prime; custom_links=\u00a0\u00bb#E-8_aHR0cHMlM0ElMkYlMkZ3d3cubWFzZGV1Lm5ldCUyRmZyJTJGcHJvZHVjdG9zJTJGcGF0ZS1mZXVpbGxldGVlJTJGbWluaS1ib3VjaGVlLTM2LW1tJTJGJTJDaHR0cHMlM0ElMkYlMkZ3d3cubWFzZGV1Lm5ldCUyRmZyJTJGcHJvZHVjdG9zJTJGcGF0ZS1mZXVpbGxldGVlJTJGbWluaS1ib3VjaGVlLWNhcnJlZSUyRiUyQ2h0dHBzJTNBJTJGJTJGd3d3Lm1hc2RldS5uZXQlMkZmciUyRnByb2R1Y3RvcyUyRnBhdGUtZmV1aWxsZXRlZSUyRmJvdWNoZWUtNTUtbW0lMkYlMkNodHRwcyUzQSUyRiUyRnd3dy5tYXNkZXUubmV0JTJGZnIlMkZwcm9kdWN0b3MlMkZwYXRlLWZldWlsbGV0ZWUlMkZib3VjaGVlLTcwLW1tJTJGJTJDaHR0cHMlM0ElMkYlMkZ3d3cubWFzZGV1Lm5ldCUyRmZyJTJGcHJvZHVjdG9zJTJGcGF0ZS1mZXVpbGxldGVlJTJGYm91Y2hlZS04My1tbSUyRiUyQw==\u00a0\u00bb][\/vc_column_inner][\/vc_row_inner][\/vc_column][\/vc_row]<\/p>\n<\/div>","protected":false},"excerpt":{"rendered":"<p><strong>Ingr\u00e9dients:<\/strong><\/p>\n<p>\u00b7 Bouch\u00e9es Masdeu<br \/>\n\u00b7 Surimi en lani\u00e8res<br \/>\n\u00b7 Mayonnaise<br \/>\n\u00b7 Radis<br \/>\n\u00b7 Crevettes cuites<br \/>\n\u00b7 Ciboulette<\/p>\n<p>&nbsp;<\/p>\n<p><strong>Pr\u00e9paration:<\/strong><\/p>\n<p>M\u00e9langer les lani\u00e8res de surimi avec la mayonnaise et garnir les bouch\u00e9es.<\/p>\n<p>D\u00e9poser des petites crevettes cuites ainsi que de fines lamelles de radis sur le dessus.<\/p>\n<p>Agr\u00e9menter le tout de ciboulette hach\u00e9e.<\/p>\n","protected":false},"featured_media":1198,"comment_status":"closed","ping_status":"closed","template":"","meta":[],"product_brand":[],"product_cat":[44],"product_tag":[],"class_list":{"0":"post-1180","1":"product","2":"type-product","3":"status-publish","4":"has-post-thumbnail","6":"product_cat-pate-feuilletee","7":"pa_type-de-base-bases-neutres","8":"pa_type-de-pates-pate-feuilletee","9":"pa_type-de-produit-vol-au-vent","11":"first","12":"instock","13":"product-type-simple"},"_links":{"self":[{"href":"https:\/\/www.masdeu.net\/recetas\/fr\/wp-json\/wp\/v2\/product\/1180","targetHints":{"allow":["GET"]}}],"collection":[{"href":"https:\/\/www.masdeu.net\/recetas\/fr\/wp-json\/wp\/v2\/product"}],"about":[{"href":"https:\/\/www.masdeu.net\/recetas\/fr\/wp-json\/wp\/v2\/types\/product"}],"replies":[{"embeddable":true,"href":"https:\/\/www.masdeu.net\/recetas\/fr\/wp-json\/wp\/v2\/comments?post=1180"}],"wp:featuredmedia":[{"embeddable":true,"href":"https:\/\/www.masdeu.net\/recetas\/fr\/wp-json\/wp\/v2\/media\/1198"}],"wp:attachment":[{"href":"https:\/\/www.masdeu.net\/recetas\/fr\/wp-json\/wp\/v2\/media?parent=1180"}],"wp:term":[{"taxonomy":"product_brand","embeddable":true,"href":"https:\/\/www.masdeu.net\/recetas\/fr\/wp-json\/wp\/v2\/product_brand?post=1180"},{"taxonomy":"product_cat","embeddable":true,"href":"https:\/\/www.masdeu.net\/recetas\/fr\/wp-json\/wp\/v2\/product_cat?post=1180"},{"taxonomy":"product_tag","embeddable":true,"href":"https:\/\/www.masdeu.net\/recetas\/fr\/wp-json\/wp\/v2\/product_tag?post=1180"}],"curies":[{"name":"wp","href":"https:\/\/api.w.org\/{rel}","templated":true}]}}