{"id":5529,"date":"2020-01-10T11:51:46","date_gmt":"2020-01-10T11:51:46","guid":{"rendered":"https:\/\/www.masdeu.net\/?page_id=5529"},"modified":"2024-05-29T12:15:41","modified_gmt":"2024-05-29T12:15:41","slug":"nota-legale","status":"publish","type":"page","link":"https:\/\/www.masdeu.net\/it\/nota-legale\/","title":{"rendered":"Nota legale"},"content":{"rendered":"<div class=\"wpb-content-wrapper\"><p>[vc_row][vc_column][vc_empty_space height=&#8221;50px&#8221;][vc_column_text]<\/p>\n<h1>Nota Legali Di<\/h1>\n<p>&nbsp;<\/p>\n<ol>\n<li><strong>OGGETO E ACCETTAZIONE<\/strong><\/li>\n<\/ol>\n<p>La presente nota legale disciplina l\u2019utilizzo del sito web mariebel.com (di seguito, IL SITO), di cui \u00e8 titolare ESPECIALITATS M MASDEU SL (di seguito, MARIEBEL).<\/p>\n<p>La navigazione nel sito web di MARIEBEL conferisce la condizione di utente dello stesso e ne implica la piena accettazione senza riserve di tutte le condizioni riportate in questa nota legale, e si avvisa che tali condizioni potranno essere modificate senza preavviso da parte di MARIEBEL. In caso di modifica, si provveder\u00e0 alla relativa pubblicazione e avviso con il massimo anticipo possibile.<\/p>\n<p>Per questo motivo si consiglia di leggerne attentamente il contenuto se si desidera accedere e fare uso delle informazioni e dei servizi offerti in questo sito web.<\/p>\n<p>L\u2019utente, altres\u00ec, si obbliga a fare un uso adeguato del sito web in conformit\u00e0 alle leggi, alla buona fede, all\u2019ordine pubblico, agli usi della navigazione e alla presente Nota legale, e risponder\u00e0 nei confronti di MARIEBEL o di terzi, per qualsiasi danno eventualmente provocato dall\u2019inadempimento di tale obbligo.<\/p>\n<p>Qualsiasi utilizzo diverso da quello autorizzato \u00e8 espressamente vietato, e MARIEBEL potr\u00e0 negarne o ritirarne l\u2019accesso e uso in qualsiasi momento.<\/p>\n<p>&nbsp;<\/p>\n<p style=\"padding-left: 30px;\">2.\u00a0<strong>IDENT<\/strong><strong>IFICAZIONE E COMUNICAZIONI<\/strong><\/p>\n<p>MARIEBEL, ai sensi della Legge 34\/2002, dell\u201911 luglio, sui Servizi della Societ\u00e0 dell\u2019Informazione e del Commercio Elettronico, informa che:<\/p>\n<ul>\n<li>La sua ragione sociale \u00e8: ESPECIALITATS M MASDEU SL<\/li>\n<li>Il suo nome commerciale \u00e8: MARIEBEL<\/li>\n<li>Il suo CIF \u00e8: B61988671<\/li>\n<li>La sua sede sociale \u00e8 in Cam\u00ed Bellavista s\/n &#8211; 08797 Puigd\u00e0lber &#8211; Barcellona<\/li>\n<li>Iscritta al Registro delle Imprese di Barcellona, al Volume 31750; Foglio 55; Sezione 8\u00aa; Pagina B19503; Iscrizione 1\u00aa<\/li>\n<\/ul>\n<p>&nbsp;<\/p>\n<p>Per comunicare con noi, mettiamo a disposizione i seguenti contatti:<\/p>\n<p>Telefono: 938988142<\/p>\n<p>Email: info@masdeugroup.com<\/p>\n<p>Tutte le notifiche e comunicazioni tra gli utenti e MARIEBEL saranno considerate valide, a tutti gli effetti, se realizzate attraverso uno qualsiasi dei contatti precedentemente elencati.<\/p>\n<p>&nbsp;<\/p>\n<p style=\"padding-left: 30px;\">3. <strong>CONDIZIONI DI ACCESO E UTILIZZO<\/strong><\/p>\n<p>Il sito web e i relativi servizi sono di accesso libero e gratuito. Tuttavia, MARIEBEL pu\u00f2 condizionare l\u2019utilizzo di alcuni servizi offerti nel suo sito alla previa compilazione del rispettivo formulario.<\/p>\n<p>L\u2019utente garantisce l\u2019autenticit\u00e0 e l\u2019attualit\u00e0 di tutti i dati comunicati a MARIEBEL e sar\u00e0 l\u2019unico responsabile di eventuali dichiarazioni false o inesatte.<\/p>\n<p>L\u2019utente si impegna espressamente a fare un uso adeguato dei contenuti e dei servizi di MARIEBEL e a non utilizzarli per:<\/p>\n<ol>\n<li>Diffondere contenuti illegali, violenti, pornografici, razzisti, xenofobi, offensivi, di apologia del terrorismo o, in genere, contrari alla legge e all\u2019ordine pubblico.<\/li>\n<li>Introdurre nella rete virus informatici o realizzare azioni suscettibili di alterare, danneggiare, interrompere o generare errori o danni nei documenti elettronici, dati o sistemi fisici e logici di MARIEBEL o di terzi; cos\u00ec come ostacolare l\u2019accesso di altri utenti al sito web e ai suoi servizi mediante il consumo di massa delle risorse informatiche attraverso le quali MARIEBEL presta i suoi servizi.<\/li>\n<li>Cercare di accedere agli account di posta elettronica di altri utenti o ad aree ristrette dei sistemi informatici di MARIEBEL o di terzi ed, eventualmente, raccogliere informazioni.<\/li>\n<li>Violare i diritti di propriet\u00e0 intellettuale o industriale, cos\u00ec come violare la confidenzialit\u00e0 delle informazioni di MARIEBEL o di terzi.<\/li>\n<li>Soppiantare l\u2019identit\u00e0 di qualsiasi altro utente.<\/li>\n<li>Riprodurre, copiare, distribuire, mettere a disposizione di, o qualsiasi altra modalit\u00e0 di comunicazione pubblica, trasformare o modificare i contenuti, salvo su autorizzazione del titolare dei rispettivi diritti o ci\u00f2 sia legalmente consentito.<\/li>\n<li>Raccogliere dati con finalit\u00e0 pubblicitaria e inviare qualsiasi tipo di pubblicit\u00e0 e comunicazione ai fini di vendita o altre di natura commerciale senza la previa richiesta o consenso dell\u2019utente.<\/li>\n<\/ol>\n<p>&nbsp;<\/p>\n<p>Tutti i contenuti del sito web, come testi, fotografie, grafici, immagini, icone, tecnologia, software, cos\u00ec come la sua grafica e codici source, costituiscono un\u2019opera di propriet\u00e0 di MARIEBEL, senza che possa essere inteso come ceduto all\u2019utente nessuno dei diritti di sfruttamento sugli stessi oltre quanto strettamente necessario per il corretto uso del sito web.<\/p>\n<p>In definitiva, gli utenti che accedono a questo sito web possono visualizzare i contenuti ed effettuare, eventualmente, copie private autorizzate purch\u00e9 gli elementi riprodotti non siano ceduti successivamente a terzi, n\u00e9 siano installati su server collegati alla rete n\u00e9 siano oggetto di alcun tipo di utilizzo.<\/p>\n<p>Altres\u00ec, tutti i marchi, nomi commerciali o segni distintivi, di qualsiasi tipo, che appaiono nel sito web sono propriet\u00e0 di MARIEBEL, e non si potr\u00e0 intendere che l\u2019uso o accesso allo stesso attribuisca all\u2019utente diritto alcuno sugli stessi.<\/p>\n<p>La distribuzione, modifica, cessione o comunicazione pubblica dei contenuti e qualsiasi altro atto che non sia stato espressamente autorizzato dal titolare dei diritti di utilizzo \u00e8 vietato.<\/p>\n<p>Lo stabilimento di un hyperlink non implica in alcun caso l\u2019esistenza di rapporti tra MARIEBEL e il proprietario del sito web in cui si stabilisce, n\u00e9 l\u2019accettazione e approvazione da parte di MARIEBEL dei relativi contenuti o servizi.<\/p>\n<p>MARIEBEL non si fa responsabile dell\u2019uso che ciascun utente fa dei materiali messi a disposizione in questo sito web n\u00e9 delle azioni realizzate in base agli stessi.<\/p>\n<p>&nbsp;<\/p>\n<p style=\"padding-left: 30px;\">4. <strong>ESCLUSIONE DI GARANZIE E DI RESPONSABILIT\u00c0<\/strong><\/p>\n<p>Il contenuto del presente sito web \u00e8 di natura generale e ha una finalit\u00e0 puramente informativa, senza garantire pienamente l\u2019accesso a tutti i contenuti, n\u00e9 la loro esaustivit\u00e0, correzione, validit\u00e0 o attualit\u00e0, n\u00e9 la loro idoneit\u00e0 o utilit\u00e0 per un obiettivo specifico.<\/p>\n<p>MARIEBEL esclude, fino a dove lo permette il suo ordinamento giuridico, qualsiasi responsabilit\u00e0 per eventuali danni di qualsiasi tipo derivanti da:<\/p>\n<ol>\n<li>L\u2019impossibilit\u00e0 di accesso al sito web o la mancanza di veracit\u00e0, esattezza, esaustivit\u00e0 e\/o attualit\u00e0 dei contenuti, cos\u00ec come l\u2019esistenza di vizi e difetti di qualsiasi tipo dei contenuti trasmessi, diffusi, immagazzinati, messi a disposizione, a cui si abbia accesso attraverso il sito web o i servizi offerti.<\/li>\n<li>La presenza di virus o altri elementi nei contenuti che possono provocare alterazioni nei sistemi informatici, documenti elettronici o dati degli utenti.<\/li>\n<li>L\u2019inadempimento delle leggi, della buona fede, dell\u2019ordine pubblico, degli usi della navigazione e della presente nota legale come conseguenza di un uso improprio del sito web. In modo particolare, e a titolo esemplificativo, MARIEBEL non si fa responsabile delle azioni di terzi che violano diritti di propriet\u00e0 intellettuale e industriale, segreti aziendali, diritti all\u2019onore, all\u2019intimit\u00e0 personale e familiare e alla propria immagine, cos\u00ec come la normativa in materia di concorrenza sleale e pubblicit\u00e0 ingannevole.<\/li>\n<\/ol>\n<p>&nbsp;<\/p>\n<p>Altres\u00ec, MARIEBEL declina qualsiasi responsabilit\u00e0 relativa alle informazioni esterne a questo sito web, e non gestite direttamente dal nostro webmaster. La funzione dei link che appaiano in questo sito web \u00e8 esclusivamente quella di informare l\u2019utente sull\u2019esistenza di altre fonti suscettibili di ampliare i contenuti offerti in questo sito web. MARIEBEL non garantisce n\u00e9 si fa responsabile del funzionamento o accessibilit\u00e0 dei siti linkati; n\u00e9 suggerisce, invita, o consiglia la visita agli stessi, motivo per cui non sar\u00e0 responsabile del risultato ottenuto. MARIEBEL non si fa responsabile dello stabilimento di hyperlink da parte di terzi.<\/p>\n<p>&nbsp;<\/p>\n<p style=\"padding-left: 30px;\">5. <strong>PROCEDURA IN CASO DI REALIZZAZIONE DI ATTIVIT\u00c0 ILLECITE<\/strong><\/p>\n<p>Nel caso in cui qualsiasi utente o terzo ritenga che esistono fatti o circostanze che rivelino la natura illecita dell\u2019uso di qualsiasi contenuto e\/o della realizzazione di qualsiasi attivit\u00e0 nelle pagine web contenute o accessibili attraverso il sito web, dovr\u00e0 inviare una notifica a MARIEBEL identificandosi opportunamente, specificando le presunte infrazioni e dichiarando espressamente e sotto la propria responsabilit\u00e0 che le informazioni fornite nella notifica sono esatte.<\/p>\n<p>Per qualsiasi controversia relativa al sito web di MARIEBEL, sar\u00e0 applicabile la legislazione spagnola, essendo competenti i Tribunali di Barcellona (Spagna).<\/p>\n<p>&nbsp;<\/p>\n<p style=\"padding-left: 30px;\">6. <strong>PUBBLICAZIONI<\/strong><\/p>\n<p>Le informazioni amministrative fornite attraverso il sito web non sostituiscono la pubblicit\u00e0 legale delle leggi, normative, piani, disposizioni generali e atti che devono essere pubblicati formalmente nelle gazzette ufficiali delle pubbliche amministrazioni, le quali costituiscono l\u2019unico strumento che ne attesta l\u2019autenticit\u00e0 e contenuto. Le informazioni disponibili in questo sito web devono essere intese come una guida senza animo di validit\u00e0 legale.<\/p>\n<p>&nbsp;<\/p>\n<p style=\"padding-left: 30px;\">7. <strong>POLITICA SULLA PRIVACY<\/strong><\/p>\n<p>Di seguito indichiamo i dettagli relativi ai vari trattamenti dei dati personali realizzati in ESPECIALITATS M MASDEU SL.<\/p>\n<p>&nbsp;<\/p>\n<ul>\n<li>Trattamento dei dati personali di potenziali clienti e contatti online\n<ul>\n<li>Informazioni essenziali sulla Protezione dei Dati<\/li>\n<\/ul>\n<\/li>\n<\/ul>\n<p>&nbsp;<\/p>\n<table>\n<tbody>\n<tr>\n<td width=\"105\"><strong>Responsabile:<\/strong><\/td>\n<td width=\"347\">ESPECIALITATS M MASDEU SL<\/td>\n<\/tr>\n<tr>\n<td width=\"92\"><strong>Finalit\u00e0:<\/strong><\/td>\n<td width=\"347\">Prestare i servizi richiesti, cos\u00ec come l\u2019invio di comunicazioni commerciali e newsletter informative.<\/td>\n<\/tr>\n<tr>\n<td width=\"92\"><strong>Legittimazione:<\/strong><\/td>\n<td width=\"347\">Esecuzione di un contratto.\u00a0Consenso dell\u2019interessato.<\/td>\n<\/tr>\n<tr>\n<td width=\"92\"><strong>Destinatari:<\/strong><\/td>\n<td width=\"347\">Non saranno ceduti dati a terzi, salvo obbligo legale.<\/td>\n<\/tr>\n<tr>\n<td width=\"92\"><strong>Diritti:<\/strong><\/td>\n<td width=\"347\">\n<table>\n<tbody>\n<tr>\n<td width=\"347\">Ha diritto ad accedere, rettificare e cancellare i dati, cos\u00ec come gli altri diritti, indicati nelle informazioni aggiuntive, che l\u2019interessato pu\u00f2 esercitare rivolgendosi al responsabile del trattamento tramite info@masdeugroup.com.<\/td>\n<\/tr>\n<\/tbody>\n<\/table>\n<\/td>\n<\/tr>\n<\/tbody>\n<\/table>\n<p>&nbsp;<\/p>\n<ul>\n<li>Informazioni aggiuntive sulla protezione dei dati<\/li>\n<\/ul>\n<p>&nbsp;<\/p>\n<p>Chi \u00e8 il responsabile del trattamento dei dati dell\u2019utente?<\/p>\n<p>Societ\u00e0: ESPECIALITATS M MASDEU SL \u2013 NIF: B61988671<\/p>\n<p>Indirizzo postale: Cam\u00ed Bellavista s\/n &#8211; 08797 Puigd\u00e0lber &#8211; Barcellona<\/p>\n<p>Telefono: +34 938988142<\/p>\n<p>Posta elettronica: info@masdeugroup.com<\/p>\n<p>Con quale finalit\u00e0 trattiamo i dati personali dell\u2019utente?<\/p>\n<p>ESPECIALITATS M MASDEU SL tratta le informazioni fornite dalle persone interessate con il fine di soddisfare le loro richieste a e inviargli comunicazioni commerciali e i nostri bollettini.<\/p>\n<p>Per quanto tempo conserviamo i dati dell\u2019utente?<\/p>\n<p>I dati saranno conservati fino a quando l\u2019interessato ce ne richiede la cancellazione.<\/p>\n<p>Qual \u00e8 la legittimazione per il trattamento dei dati dell\u2019utente?<\/p>\n<p>Indichiamo la base legale per il trattamento dei dati:<\/p>\n<ul>\n<li>Esecuzione di un contratto: Prestazione dei servizi richiesti<\/li>\n<li>Consenso dell\u2019interessato: soddisfare la sua richiesta e inviargli comunicazioni commercial e i nostri bollettini.<\/li>\n<\/ul>\n<p>&nbsp;<\/p>\n<p>A quali destinatari saranno comunicati i dati dell\u2019utente?<\/p>\n<p>Non saranno ceduti dati a terzi, salvo obbligo legale.<\/p>\n<p>Cessione dei dati a terzi.<\/p>\n<p>Non sono previste cessioni dei dati a paesi terzi.<\/p>\n<p>Quali sono i diritti dell\u2019utente quando ci fornisce i propri dati?<\/p>\n<p>Qualsiasi persona ha diritto ad ottenere conferma sul fatto che in ESPECIALITATS M MASDEU SL stiamo trattando i relativi dati personali o meno.<\/p>\n<p>Le persone interessate hanno diritto ad accedere ai propri dati personali, cos\u00ec come richiedere la rettifica dei dati inesatti o, eventualmente richiederne la cancellazione quando, tra gli altri motivi, i dati non siano pi\u00f9 necessari ai fini per i qualsiasi sono stati raccolti.<\/p>\n<p>In determinate circostanze, gli interessati potranno richiedere la limitazione del trattamento dei loro dati, in cui caso saranno conservati unicamente per l\u2019esercizio o la difesa di eventuali reclami. Altres\u00ec, nei casi legalmente stabiliti, avr\u00e0 diritto alla portabilit\u00e0 dei suoi dati personali.<\/p>\n<p>In determinate circostanze e per motivi legati alla loro situazione particolare, gli interessi potranno opporsi al trattamento dei loro dati. In questo caso, ESPECIALITATS M MASDEU SL cesser\u00e0 di trattare i dati, salvo per motivi legittimi imminenti, o l\u2019esercizio o la difesa di eventuali reclami. L\u2019interessato potr\u00e0 esercitare materialmente i suoi diritti nel seguente modo: inviando un\u2019email a info@masdeugroup.com o una lettera a Cam\u00ed Bellavista s\/n &#8211; 08797 Puigd\u00e0lber &#8211; Barcellona.<\/p>\n<p>Quando si realizza l\u2019invio di comunicazioni commerciali utilizzando come base giuridica l\u2019interesse legittimo del responsabile, l\u2019interessato potr\u00e0 opporsi al trattamento dei suoi dati con questa finalit\u00e0.<\/p>\n<p>Se l\u2019interessato ha dato il suo consenso per alcuna finalit\u00e0 specifica, ha diritto a ritirare il consenso concesso in qualsiasi momento, senza che ci\u00f2 infici la legittimit\u00e0 del trattamento basato sul consenso preliminare al suo ritiro.<\/p>\n<p>In caso in cui ritenga che siano stati violati i diritti relativi alla protezione dei suoi dati personali, soprattutto quando non l\u2019esercizio dei suoi diritti non sia andato a buon fine, pu\u00f2 presentare un reclamo prezzo l\u2019Autorit\u00e0 di Controllo in materia di Protezione dei Dati competente attraverso il sito web: www.agpd.es.<\/p>\n<p>6.2Trattamento dei dati personali dei contatti di posta elettronica<\/p>\n<p>6.2.1Informazioni essenziali sulla Protezione dei dati<\/p>\n<table style=\"height: 346px;\" width=\"539\">\n<tbody>\n<tr>\n<td width=\"92\"><strong>Responsabile<\/strong><strong>:<\/strong><\/td>\n<td width=\"347\">ESPECIALITATS M MASDEU SL<\/td>\n<\/tr>\n<tr>\n<td width=\"92\"><strong>Finalit\u00e0:<\/strong><\/td>\n<td width=\"347\">Prestare i servizi richiesti, cos\u00ec come l\u2019invio di comunicazioni commerciali e newsletter informative.<\/td>\n<\/tr>\n<tr>\n<td width=\"92\"><strong>Legittimazione:<\/strong><\/td>\n<td width=\"347\">\n<table style=\"height: 91px;\" width=\"393\">\n<tbody>\n<tr>\n<td width=\"347\">Esecuzione di un contratto. Consenso dell\u2019interessato.<\/td>\n<\/tr>\n<\/tbody>\n<\/table>\n<\/td>\n<\/tr>\n<tr>\n<td width=\"92\"><strong>Destinatari:<\/strong><\/td>\n<td width=\"347\">Non saranno ceduti dati a terzi, salvo obbligo legale.<\/td>\n<\/tr>\n<tr>\n<td width=\"92\"><strong>Diritti:<\/strong><\/td>\n<td width=\"347\">Ha diritto ad accedere, rettificare e cancellare i dati, cos\u00ec come gli altri diritti, indicati nelle informazioni aggiuntive, che l\u2019interessato pu\u00f2 esercitare rivolgendosi al responsabile del trattamento tramite info@masdeugroup.com.<\/td>\n<\/tr>\n<\/tbody>\n<\/table>\n<p>&nbsp;<\/p>\n<ul>\n<li>Informazioni aggiuntive sulla protezione dei dati<\/li>\n<\/ul>\n<p>Chi \u00e8 il responsabile del trattamento dei dati dell\u2019utente?<\/p>\n<p>Societ\u00e0: ESPECIALITATS M MASDEU SL \u2013 NIF: B61988671<\/p>\n<p>Indirizzo postale: Cam\u00ed Bellavista s\/n &#8211; 08797 Puigd\u00e0lber &#8211; Barcellona<\/p>\n<p>Telefono: +34 938988142<\/p>\n<p>Posta elettronica: info@masdeugroup.com<\/p>\n<p>Con quale finalit\u00e0 trattiamo i dati personali dell\u2019utente?<\/p>\n<p>ESPECIALITATS M MASDEU SL tratta le informazioni fornite dalle persone interessate con il fine di soddisfare le loro richieste a e inviargli comunicazioni commerciali e i nostri bollettini.<\/p>\n<p>Per quanto tempo conserviamo i dati dell\u2019utente?<\/p>\n<p>I dati saranno conservati fino a quando l\u2019interessato ce ne richiede la cancellazione.<\/p>\n<p>Qual \u00e8 la legittimazione per il trattamento dei dati dell\u2019utente?<\/p>\n<p>Indichiamo la base legale per il trattamento dei dati:<\/p>\n<ul>\n<li>Esecuzione di un contratto: Prestazione dei servizi richiesti<\/li>\n<li>Consenso dell\u2019interessato: soddisfare la sua richiesta e inviargli comunicazioni commercial e i nostri bollettini.<\/li>\n<\/ul>\n<p>&nbsp;<\/p>\n<p>A quali destinatari saranno comunicati i dati dell\u2019utente?<\/p>\n<p>Non saranno ceduti dati a terzi, salvo obbligo legale.<\/p>\n<p>Cessione dei dati a terzi.<\/p>\n<p>Non sono previste cessioni dei dati a paesi terzi.<\/p>\n<p>Quali sono i diritti dell\u2019utente quando ci fornisce i propri dati?<\/p>\n<p>Qualsiasi persona ha diritto ad ottenere conferma sul fatto che in ESPECIALITATS M MASDEU SL stiamo trattando i relativi dati personali o meno.<\/p>\n<p>Le persone interessate hanno diritto ad accedere ai propri dati personali, cos\u00ec come richiedere la rettifica dei dati inesatti o, eventualmente richiederne la cancellazione quando, tra gli altri motivi, i dati non siano pi\u00f9 necessari ai fini per i qualsiasi sono stati raccolti.<\/p>\n<p>In determinate circostanze, gli interessati potranno richiedere la limitazione del trattamento dei loro dati, in cui caso saranno conservati unicamente per l\u2019esercizio o la difesa di eventuali reclami. Altres\u00ec, nei casi legalmente stabiliti, avr\u00e0 diritto alla portabilit\u00e0 dei suoi dati personali.<\/p>\n<p>In determinate circostanze e per motivi legati alla loro situazione particolare, gli interessi potranno opporsi al trattamento dei loro dati. In questo caso, ESPECIALITATS M MASDEU SL cesser\u00e0 di trattare i dati, salvo per motivi legittimi imminenti, o l\u2019esercizio o la difesa di eventuali reclami. L\u2019interessato potr\u00e0 esercitare materialmente i suoi diritti nel seguente modo: inviando un\u2019email a info@masdeugroup.com o una lettera a Cam\u00ed Bellavista s\/n &#8211; 08797 Puigd\u00e0lber &#8211; Barcellona.<\/p>\n<p>Quando si realizza l\u2019invio di comunicazioni commerciali utilizzando come base giuridica l\u2019interesse legittimo del responsabile, l\u2019interessato potr\u00e0 opporsi al trattamento dei suoi dati con questa finalit\u00e0.<\/p>\n<p>Se l\u2019interessato ha dato il suo consenso per alcuna finalit\u00e0 specifica, ha diritto a ritirare il consenso concesso in qualsiasi momento, senza che ci\u00f2 infici la legittimit\u00e0 del trattamento basato sul consenso preliminare al suo ritiro.<\/p>\n<p>In caso in cui ritenga che siano stati violati i diritti relativi alla protezione dei suoi dati personali, soprattutto quando non l\u2019esercizio dei suoi diritti non sia andato a buon fine, pu\u00f2 presentare un reclamo prezzo l\u2019Autorit\u00e0 di Controllo in materia di Protezione dei Dati competente attraverso il sito web: www.agpd.es.<\/p>\n<p style=\"padding-left: 30px;\">8. <strong>POLITICA SUI COOKIE<\/strong><\/p>\n<p><strong>Cosa sono i cookie?<\/strong><\/p>\n<p>Un cookie \u00e8 un file che viene scaricato nel dispositivo quando si accede a determinati siti web. I cookie permettono a un sito web, tra le altre cose, di immagazzinare e recuperare informazioni sulle abitudini di navigazione di un utente o del suo dispositivo e, in base alle informazioni contenute e dal mondo in cui \u00e8 utilizzato il dispositivo, possono esser usati per riconoscere l\u2019utente.<\/p>\n<p><strong>Perch\u00e9 questo sito web utilizza i cookie e quali sono?<\/strong><\/p>\n<p>Questo sito web utilizza i cookie per una serie di finalit\u00e0, compreso:<\/p>\n<ul>\n<li>Analisi: sono quei cookie che, sia trattati da noi, che da terzi, ci permettono di quantificare il numero di utenti e cos\u00ec realizzare la misurazione e l\u2019analisi statistica dell\u2019uso che ne fanno gli utenti del servizio. L\u2019analisi della navigazione nel nostro sito web ha come fine quello di migliorare l\u2019esperienza dell\u2019utente.<\/li>\n<\/ul>\n<ul>\n<li>Sessione: i cookie di sessione permettono al sito che l\u2019utente sta visitando di conservare una tracciabilit\u00e0 del movimento da una pagina all\u2019altra, in modo da non dovere richiedere le informazioni gi\u00e0 date precedentemente. I cookie permettono di muoversi in molte pagine di uno stesso sito in modo rapido e facile, senza doversi autenticare di nuovo a riiniziare il processo in ogni zona visitata.<\/li>\n<\/ul>\n<p>&nbsp;<\/p>\n<p>Il dettaglio dei cookie utilizzati in questo sito web \u00e8 il seguente:<\/p>\n<p>&nbsp;<\/p>\n<p>Tutti i cookie utilizzati sul sito web sono dettagliati nel pulsante mobile in basso a sinistra.<\/p>\n<p>&nbsp;<\/p>\n<p><strong>\u00a0<\/strong><\/p>\n<p><strong>Eliminare o bloccare i cookie<\/strong><\/p>\n<p>L\u2019utente pu\u00f2 permettere, bloccare o eliminare i cookie installati nel suo dispositivo attraverso la configurazione delle opzioni del browser installato nel suo pc.<\/p>\n<p>Per maggiori informazioni sui browser e i cookie, vedere i seguenti link:<\/p>\n<ul>\n<li>Firefox:<a href=\"http:\/\/support.mozilla.org\/es\/kb\/habilitar-y-deshabilitar-cookies-que-los-sitios-we\">http:\/\/support.mozilla.org\/es\/kb\/habilitar-y-deshabilitar-cookies-que-los-sitios-we<\/a><\/li>\n<li>Chrome:<a href=\"http:\/\/support.google.com\/chrome\/bin\/answer.py?hl=es&amp;answer=95647\">http:\/\/support.google.com\/chrome\/bin\/answer.py?hl=es&amp;answer=95647<\/a><\/li>\n<li>Internet Explorer:<a href=\"http:\/\/windows.microsoft.com\/es-es\/windows7\/how-to-manage-cookies-in-internet-explorer-9\">http:\/\/windows.microsoft.com\/es-es\/windows7\/how-to-manage-cookies-in-internet-explorer-9<\/a><\/li>\n<li>Safari:<a href=\"http:\/\/support.apple.com\/kb\/ph5042\">http:\/\/support.apple.com\/kb\/ph5042<\/a><\/li>\n<li>Opera:\u00a0<a href=\"http:\/\/help.opera.com\/Windows\/11.50\/es-ES\/cookies.html\">http:\/\/help.opera.com\/Windows\/11.50\/es-ES\/cookies.html<\/a><\/li>\n<\/ul>\n<p>&nbsp;<\/p>\n<p><strong>Complemento di inabilitazione per browser di Google Analytics<\/strong><\/p>\n<p>Per rifiutare i cookie analitici di Google Analytics su tutti i browser, in modo da non inviare informazioni dell\u2019utente a Google Analitys, scaricare un complemento che svolge questa funzione dal seguente link: <u>https:\/\/tools.google.com\/dlpage\/gaoptout<\/u>.[\/vc_column_text][vc_empty_space][\/vc_column][\/vc_row]<\/p>\n<\/div>","protected":false},"excerpt":{"rendered":"<p>[vc_row][vc_column][vc_empty_space height=&#8221;50px&#8221;][vc_column_text] Nota Legali Di &nbsp; OGGETO E ACCETTAZIONE La presente nota legale disciplina l\u2019utilizzo del sito web mariebel.com (di seguito, IL SITO), di cui \u00e8 titolare ESPECIALITATS M MASDEU SL (di seguito, MARIEBEL). La navigazione nel sito web di MARIEBEL conferisce la condizione di utente dello stesso e ne implica la piena accettazione senza &hellip;<\/p>\n","protected":false},"author":3,"featured_media":0,"parent":0,"menu_order":0,"comment_status":"closed","ping_status":"closed","template":"","meta":{"_exactmetrics_skip_tracking":false,"_exactmetrics_sitenote_active":false,"_exactmetrics_sitenote_note":"","_exactmetrics_sitenote_category":0,"_monsterinsights_skip_tracking":false,"_monsterinsights_sitenote_active":false,"_monsterinsights_sitenote_note":"","_monsterinsights_sitenote_category":0,"footnotes":""},"class_list":["post-5529","page","type-page","status-publish","hentry"],"_links":{"self":[{"href":"https:\/\/www.masdeu.net\/it\/wp-json\/wp\/v2\/pages\/5529","targetHints":{"allow":["GET"]}}],"collection":[{"href":"https:\/\/www.masdeu.net\/it\/wp-json\/wp\/v2\/pages"}],"about":[{"href":"https:\/\/www.masdeu.net\/it\/wp-json\/wp\/v2\/types\/page"}],"author":[{"embeddable":true,"href":"https:\/\/www.masdeu.net\/it\/wp-json\/wp\/v2\/users\/3"}],"replies":[{"embeddable":true,"href":"https:\/\/www.masdeu.net\/it\/wp-json\/wp\/v2\/comments?post=5529"}],"version-history":[{"count":8,"href":"https:\/\/www.masdeu.net\/it\/wp-json\/wp\/v2\/pages\/5529\/revisions"}],"predecessor-version":[{"id":7860,"href":"https:\/\/www.masdeu.net\/it\/wp-json\/wp\/v2\/pages\/5529\/revisions\/7860"}],"wp:attachment":[{"href":"https:\/\/www.masdeu.net\/it\/wp-json\/wp\/v2\/media?parent=5529"}],"curies":[{"name":"wp","href":"https:\/\/api.w.org\/{rel}","templated":true}]}}