{"id":5470,"date":"2020-01-10T10:20:10","date_gmt":"2020-01-10T10:20:10","guid":{"rendered":"https:\/\/www.masdeu.net\/?page_id=5470"},"modified":"2026-01-08T11:04:47","modified_gmt":"2026-01-08T11:04:47","slug":"esperti","status":"publish","type":"page","link":"https:\/\/www.masdeu.net\/it\/esperti\/","title":{"rendered":"Esperti"},"content":{"rendered":"<div class=\"wpb-content-wrapper\"><p>[vc_row css=&#8221;.vc_custom_1550744864968{background: #000000 url(https:\/\/www.masdeu.net\/wp-content\/uploads\/2019\/02\/experiencia-masdeu-02.jpg?id=2544) !important;background-position: 0 0 !important;background-repeat: no-repeat !important;}&#8221;][vc_column][vc_empty_space height=&#8221;115px&#8221;][vc_row_inner type=&#8221;boxed&#8221;][vc_column_inner][vc_column_text]<\/p>\n<h1 style=\"text-align: right;\"><span style=\"font-family: playfair; color: #ffffff;\">Esperienza<\/span><\/h1>\n<p>&nbsp;<\/p>\n<h3 style=\"text-align: right;\"><span style=\"color: #ffffff; font-size: 20pt; font-family: playfair-italic-no;\">La tradizione artigianale<br \/>\nd\u00e0 solidit\u00e0 alla nostra<br \/>\ncapacit\u00e0 di innovare<\/span><\/h3>\n<p>[\/vc_column_text][\/vc_column_inner][\/vc_row_inner][vc_empty_space height=&#8221;115px&#8221;][\/vc_column][\/vc_row][vc_row][vc_column][vc_row_inner type=&#8221;boxed&#8221; el_class=&#8221;expertise1&#8243;][vc_column_inner][vc_empty_space height=&#8221;80px&#8221;][vc_column_text]<\/p>\n<h3><strong>Il nostro know-how sempre al tuo servizio<\/strong><\/h3>\n<p>[\/vc_column_text][vc_empty_space height=&#8221;20px&#8221;][vc_column_text css=&#8221;&#8221;]Del nostro passato come produttori artigiani prestiamo particolare attenzione alla selezione delle materie prime e dei criteri di qualit\u00e0 della produzione, che ha come unica finalit\u00e0 quella di offrire ai nostri clienti prodotti sempre <em>ben fatti<\/em>. E <a href=\"https:\/\/www.masdeu.net\/wp-content\/uploads\/2026\/01\/Il-nostro-impegno-per-lecosistema.pdf\">Il nostro impegno per l&#8217;ecosistema.<\/a><\/p>\n<p>Caratteristiche che sono state mantenute anche dopo l\u2019implementazione di processi di produzione industriale pi\u00f9 moderni e innovativi.[\/vc_column_text][vc_empty_space height=&#8221;50px&#8221;][vc_single_image image=&#8221;5482&#8243; img_size=&#8221;full&#8221;][\/vc_column_inner][\/vc_row_inner][vc_row_inner type=&#8221;boxed&#8221; el_class=&#8221;expertise2&#8243;][vc_column_inner][vc_empty_space height=&#8221;50px&#8221;][vc_column_text]<\/p>\n<h3><strong>Qualit\u00e0 tutta da gustare<\/strong><\/h3>\n<p>[\/vc_column_text][vc_empty_space height=&#8221;30px&#8221;][vc_column_text]La nostra preparazione della pasta sfoglia in Les-Lucs<strong>&#8211;<\/strong>sur Boulogne segue il metodo classico francese. Prevede una lavorazione pi\u00f9 lenta e laboriosa, ma \u00e8 l\u2019unico modo di garantire la superiorit\u00e0 organolettica che pi\u00f9 apprezziamo nella pasta sfoglia: il gusto delicato, il volume e, soprattutto, la texture leggera e croccante dei sui numerosi strati. Qualit\u00e0 che non faranno altro che esaltare la qualit\u00e0 della farcitura creata dal professionista nella sua cucina per completarla.[\/vc_column_text][vc_empty_space height=&#8221;50px&#8221;][vc_separator][\/vc_column_inner][\/vc_row_inner][vc_empty_space height=&#8221;50px&#8221;][\/vc_column][\/vc_row][vc_row][vc_column][vc_row_inner type=&#8221;boxed&#8221; el_class=&#8221;expertise2&#8243;][vc_column_inner width=&#8221;1\/2&#8243;][vc_column_text]<\/p>\n<h3><strong>L\u2019innovazione \u00e8 nel nostro DNA<\/strong><\/h3>\n<p>[\/vc_column_text][vc_empty_space height=&#8221;30px&#8221;][vc_column_text]La tradizione in Masdeu non \u00e8 mai stata sinonimo di immobilismo, bens\u00ec, al contrario, \u00e8 una leva che ci spinge a mettere in gioco la nostra esperienza e a innovare. Creare nuove presentazioni di basi da farcire, con nuove forme o incorporando gusti, \u00e8 la ragione del nostro essere e del servizio che prestiamo. Lo dimostra, ad esempio, la nostra originale proposta di mini-coni di cialda, con vari gusti, sia per farciture dolci che salate.[\/vc_column_text][vc_empty_space height=&#8221;50px&#8221;][\/vc_column_inner][vc_column_inner width=&#8221;1\/2&#8243;][vc_single_image image=&#8221;5483&#8243; img_size=&#8221;full&#8221;][\/vc_column_inner][\/vc_row_inner][vc_row_inner type=&#8221;boxed&#8221; el_class=&#8221;expertise2&#8243;][vc_column_inner][vc_separator][vc_empty_space height=&#8221;50px&#8221;][\/vc_column_inner][\/vc_row_inner][vc_row_inner type=&#8221;boxed&#8221; el_class=&#8221;expertise2&#8243;][vc_column_inner][vc_column_text css=&#8221;&#8221;]<\/p>\n<h3><strong>Programa Icex Next<\/strong><\/h3>\n<p>[\/vc_column_text][vc_empty_space height=&#8221;30px&#8221;][vc_column_text css=&#8221;&#8221;]<img decoding=\"async\" class=\"alignnone size-full wp-image-8340\" src=\"https:\/\/www.masdeu.net\/wp-content\/uploads\/2025\/09\/FEDER_Hacienda_POS-1.svg\" alt=\"\" \/>[\/vc_column_text][vc_column_text css=&#8221;&#8221;]<\/p>\n<p style=\"text-align: center;\">\u2018\u2019ESPECIALITATS M. MASDEU, S.L. ha participado en el Programa de Iniciaci\u00f3n a la Exportaci\u00f3n ICEX-Next, y ha contado con el apoyo de ICEX, as\u00ed como con la cofinanciaci\u00f3n de Fondos europeos FEDER, habiendo contribuido seg\u00fan la medida de los mismos, al crecimiento econ\u00f3mico de esta empresa, su regi\u00f3n y de Espa\u00f1a en su conjunto\u2019\u2019<\/p>\n<p>[\/vc_column_text][vc_empty_space height=&#8221;50px&#8221;][vc_separator][vc_empty_space height=&#8221;50px&#8221;][\/vc_column_inner][\/vc_row_inner][vc_row_inner type=&#8221;boxed&#8221; el_class=&#8221;expertise2&#8243;][vc_column_inner][vc_column_text]<\/p>\n<h3><strong>Le nostre certificazioni esterne<\/strong><\/h3>\n<p>[\/vc_column_text][vc_empty_space height=&#8221;30px&#8221;][vc_column_text]Numerosi audit certificano un\u2019ottima e curata metodologia dei processi di produzione che implementiamo, la tracciabilit\u00e0 dei prodotti e la selezione delle materie prime, cos\u00ec come la rigorosa manutenzione di tutti gli impianti e materiali utilizzati per la realizzazione dei prodotti Masdeu.[\/vc_column_text][vc_empty_space height=&#8221;50px&#8221;][vc_single_image image=&#8221;6075&#8243; img_size=&#8221;full&#8221;][vc_empty_space height=&#8221;50px&#8221;][vc_column_text]Tra le nostre certificazioni abbiamo l\u2019International Food Standard (IFS), oltre ad altri riguardanti l\u2019uso di ingredienti, come RSPO, o che garantiscono delle lavorazioni specifiche come Halal.[\/vc_column_text][vc_empty_space height=&#8221;30px&#8221;][vc_column_text css=&#8221;&#8221;]<img loading=\"lazy\" decoding=\"async\" class=\"alignnone wp-image-7223 \" src=\"https:\/\/www.masdeu.net\/wp-content\/uploads\/2023\/08\/rspo-logo-2022-1.jpg-1-scaled-e1692713822990-300x288.jpg\" alt=\"\" width=\"186\" height=\"178\" srcset=\"https:\/\/www.masdeu.net\/wp-content\/uploads\/2023\/08\/rspo-logo-2022-1.jpg-1-scaled-e1692713822990-300x288.jpg 300w, https:\/\/www.masdeu.net\/wp-content\/uploads\/2023\/08\/rspo-logo-2022-1.jpg-1-scaled-e1692713822990-1024x984.jpg 1024w, https:\/\/www.masdeu.net\/wp-content\/uploads\/2023\/08\/rspo-logo-2022-1.jpg-1-scaled-e1692713822990-768x738.jpg 768w, https:\/\/www.masdeu.net\/wp-content\/uploads\/2023\/08\/rspo-logo-2022-1.jpg-1-scaled-e1692713822990-1536x1476.jpg 1536w, https:\/\/www.masdeu.net\/wp-content\/uploads\/2023\/08\/rspo-logo-2022-1.jpg-1-scaled-e1692713822990-1286x1236.jpg 1286w, https:\/\/www.masdeu.net\/wp-content\/uploads\/2023\/08\/rspo-logo-2022-1.jpg-1-scaled-e1692713822990.jpg 1854w\" sizes=\"auto, (max-width: 186px) 100vw, 186px\" \/>\u00a0 \u00a0 \u00a0<img loading=\"lazy\" decoding=\"async\" class=\"alignnone wp-image-8345\" src=\"https:\/\/www.masdeu.net\/wp-content\/uploads\/2025\/09\/halal-2025-265x300.png\" alt=\"\" width=\"156\" height=\"177\" srcset=\"https:\/\/www.masdeu.net\/wp-content\/uploads\/2025\/09\/halal-2025-265x300.png 265w, https:\/\/www.masdeu.net\/wp-content\/uploads\/2025\/09\/halal-2025-904x1024.png 904w, https:\/\/www.masdeu.net\/wp-content\/uploads\/2025\/09\/halal-2025-768x870.png 768w, https:\/\/www.masdeu.net\/wp-content\/uploads\/2025\/09\/halal-2025.png 1043w\" sizes=\"auto, (max-width: 156px) 100vw, 156px\" \/>\u00a0 \u00a0 \u00a0 \u00a0 <a href=\"https:\/\/rspo.org\/members\/9-0111-11-000-00\/\"><img loading=\"lazy\" decoding=\"async\" class=\"alignnone wp-image-8349\" src=\"https:\/\/www.masdeu.net\/wp-content\/uploads\/2025\/09\/rspo-logo-2025.jpg-251x300.png\" alt=\"\" width=\"138\" height=\"165\" srcset=\"https:\/\/www.masdeu.net\/wp-content\/uploads\/2025\/09\/rspo-logo-2025.jpg-251x300.png 251w, https:\/\/www.masdeu.net\/wp-content\/uploads\/2025\/09\/rspo-logo-2025.jpg-857x1024.png 857w, https:\/\/www.masdeu.net\/wp-content\/uploads\/2025\/09\/rspo-logo-2025.jpg-768x918.png 768w, https:\/\/www.masdeu.net\/wp-content\/uploads\/2025\/09\/rspo-logo-2025.jpg-1286x1537.png 1286w, https:\/\/www.masdeu.net\/wp-content\/uploads\/2025\/09\/rspo-logo-2025.jpg-1714x2048.png 1714w, https:\/\/www.masdeu.net\/wp-content\/uploads\/2025\/09\/rspo-logo-2025.jpg.png 1986w\" sizes=\"auto, (max-width: 138px) 100vw, 138px\" \/><\/a>[\/vc_column_text][vc_empty_space height=&#8221;50px&#8221;][\/vc_column_inner][\/vc_row_inner][\/vc_column][\/vc_row]<\/p>\n<\/div>","protected":false},"excerpt":{"rendered":"<p>[vc_row css=&#8221;.vc_custom_1550744864968{background: #000000 url(https:\/\/www.masdeu.net\/wp-content\/uploads\/2019\/02\/experiencia-masdeu-02.jpg?id=2544) !important;background-position: 0 0 !important;background-repeat: no-repeat !important;}&#8221;][vc_column][vc_empty_space height=&#8221;115px&#8221;][vc_row_inner type=&#8221;boxed&#8221;][vc_column_inner][vc_column_text] Esperienza &nbsp; La tradizione artigianale d\u00e0 solidit\u00e0 alla nostra capacit\u00e0 di innovare [\/vc_column_text][\/vc_column_inner][\/vc_row_inner][vc_empty_space height=&#8221;115px&#8221;][\/vc_column][\/vc_row][vc_row][vc_column][vc_row_inner type=&#8221;boxed&#8221; el_class=&#8221;expertise1&#8243;][vc_column_inner][vc_empty_space height=&#8221;80px&#8221;][vc_column_text] Il nostro know-how sempre al tuo servizio [\/vc_column_text][vc_empty_space height=&#8221;20px&#8221;][vc_column_text css=&#8221;&#8221;]Del nostro passato come produttori artigiani prestiamo particolare attenzione alla selezione delle materie prime e dei criteri &hellip;<\/p>\n","protected":false},"author":9,"featured_media":0,"parent":0,"menu_order":0,"comment_status":"closed","ping_status":"closed","template":"templates\/page-full.php","meta":{"_exactmetrics_skip_tracking":false,"_exactmetrics_sitenote_active":false,"_exactmetrics_sitenote_note":"","_exactmetrics_sitenote_category":0,"_monsterinsights_skip_tracking":false,"_monsterinsights_sitenote_active":false,"_monsterinsights_sitenote_note":"","_monsterinsights_sitenote_category":0,"footnotes":""},"class_list":["post-5470","page","type-page","status-publish","hentry"],"_links":{"self":[{"href":"https:\/\/www.masdeu.net\/it\/wp-json\/wp\/v2\/pages\/5470","targetHints":{"allow":["GET"]}}],"collection":[{"href":"https:\/\/www.masdeu.net\/it\/wp-json\/wp\/v2\/pages"}],"about":[{"href":"https:\/\/www.masdeu.net\/it\/wp-json\/wp\/v2\/types\/page"}],"author":[{"embeddable":true,"href":"https:\/\/www.masdeu.net\/it\/wp-json\/wp\/v2\/users\/9"}],"replies":[{"embeddable":true,"href":"https:\/\/www.masdeu.net\/it\/wp-json\/wp\/v2\/comments?post=5470"}],"version-history":[{"count":33,"href":"https:\/\/www.masdeu.net\/it\/wp-json\/wp\/v2\/pages\/5470\/revisions"}],"predecessor-version":[{"id":8473,"href":"https:\/\/www.masdeu.net\/it\/wp-json\/wp\/v2\/pages\/5470\/revisions\/8473"}],"wp:attachment":[{"href":"https:\/\/www.masdeu.net\/it\/wp-json\/wp\/v2\/media?parent=5470"}],"curies":[{"name":"wp","href":"https:\/\/api.w.org\/{rel}","templated":true}]}}