{"id":5455,"date":"2020-01-10T09:52:52","date_gmt":"2020-01-10T09:52:52","guid":{"rendered":"https:\/\/www.masdeu.net\/?page_id=5455"},"modified":"2025-09-25T13:59:49","modified_gmt":"2025-09-25T13:59:49","slug":"chi-siamo","status":"publish","type":"page","link":"https:\/\/www.masdeu.net\/it\/chi-siamo\/","title":{"rendered":"Chi siamo"},"content":{"rendered":"<div class=\"wpb-content-wrapper\"><p>[vc_row css=&#8221;.vc_custom_1551089269174{background: #000000 url(https:\/\/www.masdeu.net\/wp-content\/uploads\/2019\/02\/sobre-nosotros-masdeu-01.jpg?id=2532) !important;background-position: 0 0 !important;background-repeat: no-repeat !important;}&#8221; el_class=&#8221;header-mobile-ko&#8221;][vc_column][vc_empty_space height=&#8221;130px&#8221;][vc_row_inner type=&#8221;boxed&#8221;][vc_column_inner][vc_column_text]<\/p>\n<h1 style=\"text-align: right;\"><span style=\"font-family: playfair; color: #ffffff;\">Masdeu<\/span><\/h1>\n<p>&nbsp;<\/p>\n<h3 style=\"text-align: right;\"><span style=\"color: #ffffff; font-size: 20pt; font-family: playfair-italic-no;\">Specialisti in basi<br \/>\nalimentari di qualit\u00e0<\/span><\/h3>\n<p>[\/vc_column_text][\/vc_column_inner][\/vc_row_inner][vc_empty_space height=&#8221;130px&#8221;][\/vc_column][\/vc_row][vc_row][vc_column][vc_row_inner type=&#8221;boxed&#8221; el_class=&#8221;expertise1&#8243;][vc_column_inner][vc_empty_space height=&#8221;50px&#8221;][vc_column_text]<\/p>\n<h3><strong>Ci presentiamo<\/strong><\/h3>\n<p>Noi di Masdeu ci dedichiamo alla preparazione e alla commercializzazione di un\u2019ampia e creativa variet\u00e0 di basi alimentari da farcire come tartellette, vol-au-vent di pasta sfoglia, tulipani e mini coni di cialda e pasta biscotto di pan di spagna.<\/p>\n<p>La nostra gamma di prodotti \u00e8 pensata per servire i settori professionali su scala internazionale; un settore nel quale vantiamo anni di esperienza.[\/vc_column_text][vc_empty_space height=&#8221;50px&#8221;][\/vc_column_inner][\/vc_row_inner][vc_row_inner type=&#8221;boxed&#8221; el_class=&#8221;expertise1&#8243;][vc_column_inner][vc_separator][vc_empty_space height=&#8221;50px&#8221;][vc_column_text css=&#8221;&#8221;]<\/p>\n<h3><strong>Dove andiamo<\/strong><\/h3>\n<p>Le nostre origini sono completamente artigianali: una storia che inizia nel 1945 in una panetteria familiare a Puigd\u00e0lber, a circa 40 km da Barcellona. Da allora, l\u2019azienda ha saputo trasformarsi ed evolversi, passando dalla produzione artigianale a diventare un punto di riferimento nella realizzazione di basi alimentari, offrendo soluzioni al settore professionale e ai clienti dell\u2019ospitalit\u00e0.<\/p>\n<p>Nel 2016, come parte della sua strategia di espansione internazionale, il Gruppo Masdeu ha acquisito l\u2019azienda francese Mariebel. Questa operazione ha rappresentato una svolta, grazie all\u2019integrazione di un secondo stabilimento produttivo e al rafforzamento della specializzazione nella pasta sfoglia, accrescendo cos\u00ec capacit\u00e0 e competenza in uno dei prodotti pi\u00f9 rappresentativi dell\u2019offerta di basi alimentari.<\/p>\n<p>Nel 2020, l\u2019integrazione dell\u2019azienda familiare Especialitats Vil\u00e0, con sede a Barcellona (Spagna) e con oltre trent\u2019anni di esperienza nella produzione di pan di Spagna in fogli, ha permesso di ampliare il know-how del Gruppo Masdeu e consolidarne la leadership nel settore industriale nazionale.<\/p>\n<p>Pi\u00f9 recentemente, l\u2019acquisizione di Boller\u00eda BJV, con sede ad Alicante e leader in Spagna nella produzione di pan di Spagna in fogli per il mercato industriale, ha rafforzato il posizionamento del Gruppo Masdeu a livello nazionale e aperto nuove opportunit\u00e0 di crescita nei mercati internazionali.<\/p>\n<p>Oggi, grazie a queste operazioni strategiche, il Gruppo Masdeu si posiziona come un attore chiave del settore, unendo tradizione, innovazione e visione del futuro per continuare a guidarne l\u2019espansione.<br \/>\n[\/vc_column_text][vc_empty_space height=&#8221;50px&#8221;][\/vc_column_inner][\/vc_row_inner][vc_separator][vc_empty_space height=&#8221;50px&#8221;][vc_row_inner type=&#8221;boxed&#8221; el_class=&#8221;expertise1&#8243;][vc_column_inner width=&#8221;1\/2&#8243;][vc_column_text css=&#8221;&#8221;]<\/p>\n<h3><strong>Masdeu Group<\/strong><\/h3>\n<p>L\u2019incorporazione del marchio francese <em>Mariebel<\/em> apre l\u2019opportunit\u00e0 di arrivare al consumatore finale attraverso il canale retail. Nasce cos\u00ec il <em>Gruppo Masdeu<\/em> che, con due marchi attivi a livello internazionale, si rivolge sia ai professionisti tramite il catalogo Masdeu sia al consumo domestico con la gamma di prodotti a marchio Mariebel (maggiori informazioni su <a href=\"http:\/\/www.mariebel.com\">www.mariebel.com<\/a>).<\/p>\n<p>Con l\u2019integrazione dell\u2019azienda familiare <em>Especialitats Vil\u00e0<\/em> e la recente acquisizione da parte del Gruppo Masdeu dell\u2019azienda leader nazionale <em>Boller\u00eda BJV<\/em> (maggiori informazioni su <a href=\"http:\/\/www.bolleriabjv.com\">www.bolleriabjv.com<\/a>), abbiamo ampliato la nostra gamma di pan di Spagna in fogli e consolidato la nostra presenza nel mercato spagnolo industriale e retail con la produzione di ogni tipo di fogli da taglio, da arrotolare e pan di Spagna di diversi gusti e dimensioni, sotto il marchio BJV in Spagna e in Italia. In questo modo, Masdeu intende continuare a guidare il mercato ready-to-fill sia a livello nazionale che internazionale.<\/p>\n<p>Attualmente, i nostri stabilimenti di Puigd\u00e0lber, San Vicente del Raspeig e Les-Lucs-sur-Boulogne coprono circa 15.000 m<sup>2<\/sup>, ospitano un team di circa 170 persone e raggiungono una capacit\u00e0 produttiva giornaliera massima di circa 2 milioni di pezzi. Considerando Spagna e Francia come mercati domestici, il Gruppo oggi esporta in 50 paesi in tutto il mondo.<br \/>\n[\/vc_column_text][vc_empty_space height=&#8221;50px&#8221;][\/vc_column_inner][vc_column_inner width=&#8221;1\/2&#8243;][vc_empty_space height=&#8221;20px&#8221;][vc_single_image image=&#8221;6048&#8243; img_size=&#8221;full&#8221;][vc_empty_space height=&#8221;50px&#8221;][\/vc_column_inner][\/vc_row_inner][vc_row_inner type=&#8221;boxed&#8221; el_class=&#8221;expertise1&#8243;][vc_column_inner][vc_column_text]<div class=\"wpgmza-store-locator wpgmza_sl_main_div\" data-id=\"1\">\r\n\t<div class=\"wpgmza-address-container wpgmza-form-field wpgmza_sl_query_div wpgmza-clearfix\">\r\n\t\t<label class=\"wpgmza-address wpgmza-form-field__label wpgmza-form-field__label--float\" data-name=\"addressLabel\" for=\"addressInput\">ZIP \/ Address:<\/label>\r\n\t\t<input class=\"wpgmza-address\" type=\"text\" placeholder=\"Enter a location\" autocomplete=\"off\" data-name=\"defaultAddress\" value=\"\" id=\"addressInput\" size=\"20\" aria-label=\"ZIP \/ Address:\">\r\n\t<\/div>\r\n\t\r\n\t<div class=\"wpgmza-radius-container wpgmza-form-field wpgmza_sl_radius_div wpgmza-clearfix\">\r\n\t\t<label class=\"wpgmza-radius wpgmza-form-field__label wpgmza-form-field__label--float\" for=\"radiusSelect\">\r\n\t\t\tRadius:\t\t<\/label>\r\n\t\t<select class=\"wpgmza-radius wpgmza-form-field__input wpgmza_sl_radius_select\" id=\"radiusSelect\" aria-label=\"Radius:\"><option class=\"wpgmza-radius wpgmza_sl_select_option\" value=\"1\">1mi<\/option><option class=\"wpgmza-radius wpgmza_sl_select_option\" value=\"5\">5mi<\/option><option class=\"wpgmza-radius wpgmza_sl_select_option\" value=\"10\" selected>10mi<\/option><option class=\"wpgmza-radius wpgmza_sl_select_option\" value=\"25\">25mi<\/option><option class=\"wpgmza-radius wpgmza_sl_select_option\" value=\"50\">50mi<\/option><option class=\"wpgmza-radius wpgmza_sl_select_option\" value=\"75\">75mi<\/option><option class=\"wpgmza-radius wpgmza_sl_select_option\" value=\"100\">100mi<\/option><option class=\"wpgmza-radius wpgmza_sl_select_option\" value=\"150\">150mi<\/option><option class=\"wpgmza-radius wpgmza_sl_select_option\" value=\"200\">200mi<\/option><option class=\"wpgmza-radius wpgmza_sl_select_option\" value=\"300\">300mi<\/option><\/select>\r\n\t<\/div>\r\n\t\r\n\t<input class=\"wpgmza-search wpgmza_sl_search_button wpgmza_sl_search_button_1\" value=\"Search\" type=\"button\" onclick=\"searchLocations(1)\">\r\n\t\r\n\t<div class=\"wpgmza-no-results wpgmza-not-found-msg js-not-found-msg\" style=\"display: none;\">\r\n\t\t<p data-name=\"notFoundMessage\">No results found in this location. Please try again.<\/p>\r\n\t<\/div>\r\n<\/div><div id=\"wpgmza_map\" class=\"wpgmza_map\" data-settings='{\"id\":\"1\",\"map_title\":\"Masdeu Internacional\",\"map_width\":\"100\",\"map_height\":\"450\",\"map_start_lat\":\"39.78044650328022\",\"map_start_lng\":\"-100.42426237276648\",\"map_start_location\":\"53.142367,-7.692053999999985\",\"map_start_zoom\":\"2\",\"default_marker\":\"0\",\"type\":\"1\",\"alignment\":\"1\",\"directions_enabled\":\"1\",\"styling_enabled\":\"0\",\"styling_json\":\"\",\"active\":\"0\",\"kml\":\"\",\"bicycle\":\"0\",\"traffic\":\"0\",\"dbox\":\"1\",\"dbox_width\":\"100\",\"listmarkers\":\"0\",\"listmarkers_advanced\":\"0\",\"filterbycat\":\"0\",\"ugm_enabled\":\"0\",\"ugm_category_enabled\":\"0\",\"fusion\":\"\",\"map_width_type\":\"%\",\"map_height_type\":\"px\",\"mass_marker_support\":\"1\",\"ugm_access\":\"0\",\"order_markers_by\":\"0\",\"order_markers_choice\":\"0\",\"show_user_location\":\"0\",\"default_to\":\"\",\"other_settings\":{\"store_locator_enabled\":true,\"store_locator_distance\":true,\"store_locator_default_radius\":\"10\",\"store_locator_not_found_message\":\"\",\"store_locator_bounce\":1,\"store_locator_query_string\":\"\",\"store_locator_default_address\":\"\",\"wpgmza_store_locator_restrict\":\"\",\"store_locator_style\":\"modern\",\"wpgmza_store_locator_radius_style\":\"modern\",\"map_max_zoom\":\"1\",\"transport_layer\":false,\"wpgmza_theme_data\":\"[ \\\\\\\"visibility\\\\\\\", \\\\\\\"invert_lightness\\\\\\\", \\\\\\\"color\\\\\\\", \\\\\\\"weight\\\\\\\", \\\\\\\"hue\\\\\\\", \\\\\\\"saturation\\\\\\\", \\\\\\\"lightness\\\\\\\", \\\\\\\"gamma\\\\\\\"]\",\"wpgmza_theme_selection\":0,\"wpgmza_show_points_of_interest\":1,\"action\":\"wpgmza_save_map\",\"redirect_to\":\"\\\/wp-admin\\\/admin-post.php\",\"map_id\":\"1\",\"http_referer\":\"\\\/wp-admin\\\/admin.php?page=wp-google-maps-menu&amp;amp;action=edit&amp;amp;map_id=1\",\"wpgmza_id\":\"1\",\"wpgmza_start_location\":\"39.78044650328022,-100.42426237276648\",\"wpgmza_start_zoom\":\"2\",\"store_locator_search_area\":\"radial\",\"wpgmza_store_locator_default_radius\":\"10\",\"store_locator_auto_area_max_zoom\":\"\",\"wpgmza_store_locator_position\":false,\"store_locator_show_distance\":false,\"store_locator_category\":false,\"wpgmza_store_locator_use_their_location\":false,\"wpgmza_store_locator_bounce\":false,\"wpgmza_sl_animation\":null,\"wpgmza_store_locator_hide_before_search\":false,\"store_locator_name_search\":false,\"store_locator_name_string\":\"\",\"sl_stroke_color\":\"\",\"sl_stroke_opacity\":\"\",\"sl_fill_color\":\"\",\"sl_fill_opacity\":\"\",\"wpgmza_map_align\":\"1\",\"jump_to_nearest_marker_on_initialization\":false,\"automatically_pan_to_users_location\":false,\"override_users_location_zoom_level\":false,\"override_users_location_zoom_levels\":\"\",\"show_distance_from_location\":false,\"map_min_zoom\":\"0\",\"click_open_link\":false,\"fit_maps_bounds_to_markers\":false,\"fit_maps_bounds_to_markers_after_filtering\":false,\"hide_point_of_interest\":false,\"wpgmza_zoom_on_marker_click\":false,\"wpgmza_zoom_on_marker_click_slider\":\"\",\"close_infowindow_on_map_click\":false,\"disable_lightbox_images\":false,\"use_Raw_Jpeg_Coordinates\":false,\"disable_polygon_info_windows\":false,\"enable_marker_ratings\":false,\"only_load_markers_within_viewport\":false,\"iw_primary_color\":\"#000000\",\"iw_accent_color\":\"#000000\",\"iw_text_color\":\"#000000\",\"wpgmza_listmarkers_by\":\"0\",\"wpgmza_marker_listing_position\":false,\"zoom_level_on_marker_listing_override\":false,\"zoom_level_on_marker_listing_click\":\"\",\"datatable_no_result_message\":\"\",\"remove_search_box_datables\":false,\"dataTable_pagination_style\":null,\"datatable_search_string\":\"\",\"datatable_result_start\":\"\",\"datatable_result_of\":\"\",\"datatable_result_to\":\"\",\"datatable_result_total\":\"\",\"datatable_result_show\":\"\",\"datatable_result_entries\":\"\",\"wpgmza_savemap\":\"Guardar mapa \\u00bb\",\"store_locator_location_placeholder\":\"\",\"marker_listing_disable_zoom\":false}}' data-map-id='1' Data-maps-engine='open-layers' data-shortcode-attributes='{\"id\":\"1\"}' style=\"display:block; overflow:auto; width:100%; height:450px; float:left;\"><\/div>[\/vc_column_text][\/vc_column_inner][\/vc_row_inner][vc_empty_space height=&#8221;50px&#8221;][vc_row_inner type=&#8221;boxed&#8221; el_class=&#8221;expertise1&#8243;][vc_column_inner width=&#8221;1\/2&#8243;][vc_column_text]<\/p>\n<h3><strong>Vocazione al servizio<\/strong><\/h3>\n<p>Per i professionisti ai quali ci rivolgiamo dal settore Food Service, l\u2019utilizzo delle nostre basi da farcire riduce al minimo il tempo di manipolazione necessario e garantisce la qualit\u00e0, l\u2019igiene e il controllo dei costi di lavorazione.<\/p>\n<p>Lavorare per molto tempo a stretto contatto con i nostri clienti ci ha permesso di conoscere le loro preoccupazioni nella lavorazione di prodotti di pasticceria e panetteria, ad esempio, da servire in un catering nel minor tempo possibile, per offrire men\u00f9 sani e di qualit\u00e0 quotidianamente o per sorprendere nella presentazione degli aperitivi.<\/p>\n<p>[\/vc_column_text][vc_empty_space height=&#8221;30px&#8221;][vc_column_text]Il nostro successo si basa sui nostri clienti, quindi siamo disposti e flessibili a trovare risposte efficaci alle esigenze e richieste dei loro mercati. Possiamo adattarci sia in quanto ai prodotti, formati e confezioni, e anche nello sviluppo su misura.<\/p>\n<p><strong>Vieni a scoprirlo!\u00a0<\/strong>Se sei interessato a commercializzare le nostre basi alimentari o ad acquistare i nostri prodotti nel mercato internazionale, non esitare a contattarci; saremo felicissimi di aiutarti.[\/vc_column_text][vc_empty_space height=&#8221;50px&#8221;][\/vc_column_inner][vc_column_inner width=&#8221;1\/2&#8243;][vc_empty_space height=&#8221;50px&#8221;][vc_empty_space height=&#8221;50px&#8221;][vc_images_carousel images=&#8221;5463,5464&#8243; img_size=&#8221;full&#8221; speed=&#8221;3000&#8243; autoplay=&#8221;yes&#8221; hide_prev_next_buttons=&#8221;yes&#8221; wrap=&#8221;yes&#8221;][vc_empty_space height=&#8221;50px&#8221;][\/vc_column_inner][\/vc_row_inner][\/vc_column][\/vc_row]<\/p>\n<\/div>","protected":false},"excerpt":{"rendered":"<p>[vc_row css=&#8221;.vc_custom_1551089269174{background: #000000 url(https:\/\/www.masdeu.net\/wp-content\/uploads\/2019\/02\/sobre-nosotros-masdeu-01.jpg?id=2532) !important;background-position: 0 0 !important;background-repeat: no-repeat !important;}&#8221; el_class=&#8221;header-mobile-ko&#8221;][vc_column][vc_empty_space height=&#8221;130px&#8221;][vc_row_inner type=&#8221;boxed&#8221;][vc_column_inner][vc_column_text] Masdeu &nbsp; Specialisti in basi alimentari di qualit\u00e0 [\/vc_column_text][\/vc_column_inner][\/vc_row_inner][vc_empty_space height=&#8221;130px&#8221;][\/vc_column][\/vc_row][vc_row][vc_column][vc_row_inner type=&#8221;boxed&#8221; el_class=&#8221;expertise1&#8243;][vc_column_inner][vc_empty_space height=&#8221;50px&#8221;][vc_column_text] Ci presentiamo Noi di Masdeu ci dedichiamo alla preparazione e alla commercializzazione di un\u2019ampia e creativa variet\u00e0 di basi alimentari da farcire come tartellette, vol-au-vent di pasta sfoglia, tulipani &hellip;<\/p>\n","protected":false},"author":9,"featured_media":0,"parent":0,"menu_order":0,"comment_status":"closed","ping_status":"closed","template":"templates\/page-full.php","meta":{"_exactmetrics_skip_tracking":false,"_exactmetrics_sitenote_active":false,"_exactmetrics_sitenote_note":"","_exactmetrics_sitenote_category":0,"_monsterinsights_skip_tracking":false,"_monsterinsights_sitenote_active":false,"_monsterinsights_sitenote_note":"","_monsterinsights_sitenote_category":0,"footnotes":""},"class_list":["post-5455","page","type-page","status-publish","hentry"],"_links":{"self":[{"href":"https:\/\/www.masdeu.net\/it\/wp-json\/wp\/v2\/pages\/5455","targetHints":{"allow":["GET"]}}],"collection":[{"href":"https:\/\/www.masdeu.net\/it\/wp-json\/wp\/v2\/pages"}],"about":[{"href":"https:\/\/www.masdeu.net\/it\/wp-json\/wp\/v2\/types\/page"}],"author":[{"embeddable":true,"href":"https:\/\/www.masdeu.net\/it\/wp-json\/wp\/v2\/users\/9"}],"replies":[{"embeddable":true,"href":"https:\/\/www.masdeu.net\/it\/wp-json\/wp\/v2\/comments?post=5455"}],"version-history":[{"count":18,"href":"https:\/\/www.masdeu.net\/it\/wp-json\/wp\/v2\/pages\/5455\/revisions"}],"predecessor-version":[{"id":8320,"href":"https:\/\/www.masdeu.net\/it\/wp-json\/wp\/v2\/pages\/5455\/revisions\/8320"}],"wp:attachment":[{"href":"https:\/\/www.masdeu.net\/it\/wp-json\/wp\/v2\/media?parent=5455"}],"curies":[{"name":"wp","href":"https:\/\/api.w.org\/{rel}","templated":true}]}}