{"id":8677,"date":"2026-01-07T17:58:52","date_gmt":"2026-01-07T17:58:52","guid":{"rendered":"https:\/\/www.masdeu.net\/productos\/sin%20categor\u00eda\/tartaleta-recta-plant-based-dulce-50-mm\/"},"modified":"2026-03-04T11:39:36","modified_gmt":"2026-03-04T11:39:36","slug":"tarte-bords-droits-sucree-vegane-50-mm","status":"publish","type":"product","link":"https:\/\/www.masdeu.net\/fr\/productos\/pate-sablee\/tarte-bords-droits-sucree-vegane-50-mm\/","title":{"rendered":"Tarte Bords Droits Sucr\u00e9e V\u00e9gane 50 mm"},"content":{"rendered":"<div class=\"wpb-content-wrapper\"><p>[vc_row type=\u00a0\u00bbboxed\u00a0\u00bb][vc_column][vc_column_text css=\u00a0\u00bb.vc_custom_1772623040729{margin-bottom: 55px !important;}\u00a0\u00bb]<\/p>\n<p style=\"text-align: center;\"><span style=\"font-size: 20pt; color: #000000; font-family: playfair-bold-italic;\">Produits associ\u00e9s<\/span><\/p>\n<p>[\/vc_column_text][vc_row_inner type=\u00a0\u00bbboxed\u00a0\u00bb][vc_column_inner][vc_images_carousel images=\u00a0\u00bb8587,8603,8611,8619&Prime; img_size=\u00a0\u00bbfull\u00a0\u00bb onclick=\u00a0\u00bbcustom_link\u00a0\u00bb slides_per_view=\u00a0\u00bb3&Prime; hide_pagination_control=\u00a0\u00bbyes\u00a0\u00bb wrap=\u00a0\u00bbyes\u00a0\u00bb css=\u00a0\u00bb\u00a0\u00bb el_class=\u00a0\u00bbproductos8&Prime; custom_links=\u00a0\u00bb#E-8_aHR0cHMlM0ElMkYlMkZ3d3cubWFzZGV1Lm5ldCUyRmZyJTJGcHJvZHVjdG9zJTJGcGF0ZS1zYWJsZWUlMkZtaW5pLXRhcnRlLWJvcmRzLWRyb2l0cy1zdWNyZWUtdmVnYW5lLTM4LW1tJTJGJTJDaHR0cHMlM0ElMkYlMkZ3d3cubWFzZGV1Lm5ldCUyRmZyJTJGcHJvZHVjdG9zJTJGcGF0ZS1zYWJsZWUlMkZtaW5pLXRhcnRlLWJvcmRzLWRyb2l0cy1jYWNhby12ZWdhbmUtMzgtbW0lMkYlMkNodHRwcyUzQSUyRiUyRnd3dy5tYXNkZXUubmV0JTJGZnIlMkZwcm9kdWN0b3MlMkZwYXRlLXNhYmxlZSUyRnRhcnRlLWJvcmRzLWRyb2l0cy1jYWNhby12ZWdhbmUtNTAtbW0lMkYlMkNodHRwcyUzQSUyRiUyRnd3dy5tYXNkZXUubmV0JTJGZnIlMkZwcm9kdWN0b3MlMkZwYXRlLXNhYmxlZSUyRnRhcnRlLWJvcmRzLWRyb2l0cy1zdWNyZWUtdmVnYW5lLTgwLW1tJTJGJTJD\u00a0\u00bb][\/vc_column_inner][\/vc_row_inner][\/vc_column][\/vc_row][vc_row type=\u00a0\u00bbboxed\u00a0\u00bb][vc_column][vc_empty_space][vc_separator][vc_empty_space][\/vc_column][\/vc_row][vc_row type=\u00a0\u00bbboxed\u00a0\u00bb][vc_column][vc_column_text css=\u00a0\u00bb\u00a0\u00bb]<\/p>\n<p style=\"text-align: center;\"><span style=\"font-size: 20pt; color: #000000; font-family: playfair-bold-italic;\">Recettes associ\u00e9es<\/span><\/p>\n<p>[\/vc_column_text][vc_empty_space][vc_row_inner type=\u00a0\u00bbboxed\u00a0\u00bb][vc_column_inner][vc_images_carousel images=\u00a0\u00bb8431,8435,8439,8443&Prime; img_size=\u00a0\u00bbfull\u00a0\u00bb onclick=\u00a0\u00bbcustom_link\u00a0\u00bb slides_per_view=\u00a0\u00bb3&Prime; hide_pagination_control=\u00a0\u00bbyes\u00a0\u00bb wrap=\u00a0\u00bbyes\u00a0\u00bb css=\u00a0\u00bb\u00a0\u00bb el_class=\u00a0\u00bbrecetas3&Prime; custom_links=\u00a0\u00bb#E-8_aHR0cHMlM0ElMkYlMkZ3d3cubWFzZGV1Lm5ldCUyRnJlY2V0YXMlMkZyZWNldGFzJTJGY3JlbWEtZGUtbGltb24tdmVnYW5hJTJGJTJDaHR0cHMlM0ElMkYlMkZ3d3cubWFzZGV1Lm5ldCUyRnJlY2V0YXMlMkZ3cC1jb250ZW50JTJGdXBsb2FkcyUyRnNpdGVzJTJGNSUyRjIwMjUlMkYxMiUyRlJlY2lwZS1CRS1CRVRURVItMjAyNl9FTi5wZGYlMkNodHRwcyUzQSUyRiUyRnd3dy5tYXNkZXUubmV0JTJGcmVjZXRhcyUyRndwLWNvbnRlbnQlMkZ1cGxvYWRzJTJGc2l0ZXMlMkY1JTJGMjAyNSUyRjEyJTJGUmVjaXBlLUJFLUJFVFRFUi0yMDI2X0VOLnBkZiUyQ2h0dHBzJTNBJTJGJTJGd3d3Lm1hc2RldS5uZXQlMkZyZWNldGFzJTJGd3AtY29udGVudCUyRnVwbG9hZHMlMkZzaXRlcyUyRjUlMkYyMDI1JTJGMTIlMkZSZWNpcGUtQkUtQkVUVEVSLTIwMjZfRU4ucGRm\u00a0\u00bb][\/vc_column_inner][\/vc_row_inner][\/vc_column][\/vc_row]<\/p>\n<\/div>","protected":false},"excerpt":{"rendered":"<p><em><span style=\"color: #999999;\">DIS313<\/span><\/em><\/p>\n<p><strong>Caracteristiques:<br \/>\n<\/strong>\u00b7 P\u00e2te Sabl\u00e9e<br \/>\n\u00b7 Base Sucr\u00e9e<br \/>\n\u00b7 Alternative v\u00e9g\u00e9tale au beurre<br \/>\n\u00b7 Sans lactose<br \/>\n\u00b7 Sans colorant<\/p>\n<p><strong>Sp\u00e9cifications techniques:<br \/>\n<\/strong>\u00b7 Unit\u00e9s\/carton: 200<br \/>\n\u00b7 Dimensions: 17 x 50 mm<\/p>\n<p><strong>Autres indications:<br \/>\n<\/strong>\u00b7 Peut passer au four<br \/>\n\u00b7 R\u00e9sistant \u00e0 la d\u00e9trempe<\/p>\n","protected":false},"featured_media":8593,"template":"","meta":{"_exactmetrics_skip_tracking":false,"_exactmetrics_sitenote_active":false,"_exactmetrics_sitenote_note":"","_exactmetrics_sitenote_category":0,"_monsterinsights_skip_tracking":false,"_monsterinsights_sitenote_active":false,"_monsterinsights_sitenote_note":"","_monsterinsights_sitenote_category":0},"product_brand":[],"product_cat":[177],"product_tag":[],"class_list":{"0":"post-8677","1":"product","2":"type-product","3":"status-publish","4":"has-post-thumbnail","6":"product_cat-pate-sablee","8":"first","9":"instock","10":"product-type-simple"},"_links":{"self":[{"href":"https:\/\/www.masdeu.net\/fr\/wp-json\/wp\/v2\/product\/8677","targetHints":{"allow":["GET"]}}],"collection":[{"href":"https:\/\/www.masdeu.net\/fr\/wp-json\/wp\/v2\/product"}],"about":[{"href":"https:\/\/www.masdeu.net\/fr\/wp-json\/wp\/v2\/types\/product"}],"wp:featuredmedia":[{"embeddable":true,"href":"https:\/\/www.masdeu.net\/fr\/wp-json\/wp\/v2\/media\/8593"}],"wp:attachment":[{"href":"https:\/\/www.masdeu.net\/fr\/wp-json\/wp\/v2\/media?parent=8677"}],"wp:term":[{"taxonomy":"product_brand","embeddable":true,"href":"https:\/\/www.masdeu.net\/fr\/wp-json\/wp\/v2\/product_brand?post=8677"},{"taxonomy":"product_cat","embeddable":true,"href":"https:\/\/www.masdeu.net\/fr\/wp-json\/wp\/v2\/product_cat?post=8677"},{"taxonomy":"product_tag","embeddable":true,"href":"https:\/\/www.masdeu.net\/fr\/wp-json\/wp\/v2\/product_tag?post=8677"}],"curies":[{"name":"wp","href":"https:\/\/api.w.org\/{rel}","templated":true}]}}