{"id":7426,"date":"2023-09-04T07:47:38","date_gmt":"2023-09-04T07:47:38","guid":{"rendered":"https:\/\/www.masdeu.net\/?post_type=product&#038;p=7426"},"modified":"2023-09-14T08:45:39","modified_gmt":"2023-09-14T08:45:39","slug":"mini-tarte-bords-droits-eclats-de-cacao-38-mm","status":"publish","type":"product","link":"https:\/\/www.masdeu.net\/fr\/productos\/pate-sablee\/mini-tarte-bords-droits-eclats-de-cacao-38-mm\/","title":{"rendered":"Mini-tarte Bords Droits, \u00c9clats de Cacao 38 mm"},"content":{"rendered":"<div class=\"wpb-content-wrapper\"><p>[vc_row type=\u00a0\u00bbboxed\u00a0\u00bb][vc_column][vc_column_text]<\/p>\n<p style=\"text-align: center;\"><span style=\"font-size: 20pt; color: #000000; font-family: playfair-bold-italic;\">Produits associ\u00e9s<\/span><\/p>\n<p>[\/vc_column_text][vc_row_inner type=\u00a0\u00bbboxed\u00a0\u00bb][vc_column_inner][vc_images_carousel images=\u00a0\u00bb3925,3074,3173,3176,7409,3155,6939,6943,3158,3161,6178,6190&Prime; img_size=\u00a0\u00bbfull\u00a0\u00bb onclick=\u00a0\u00bbcustom_link\u00a0\u00bb slides_per_view=\u00a0\u00bb3&Prime; hide_pagination_control=\u00a0\u00bbyes\u00a0\u00bb wrap=\u00a0\u00bbyes\u00a0\u00bb el_class=\u00a0\u00bbproductos8&Prime; custom_links=\u00a0\u00bb#E-8_aHR0cHMlM0ElMkYlMkZ3d3cubWFzZGV1Lm5ldCUyRmZyJTJGcHJvZHVjdG9zJTJGcGF0ZS1zYWJsZWUlMkZtaW5pLXRhcnRlLWJvcmRzLWV2YXNlcy1zdWNyZWUtNDAtbW0lMkYlMkNodHRwcyUzQSUyRiUyRnd3dy5tYXNkZXUubmV0JTJGZnIlMkZwcm9kdWN0b3MlMkZwYXRlLXNhYmxlZSUyRm1pbmktdGFydGUtYm9yZHMtZXZhc2VzLWNhY2FvLTQwLW1tJTJGJTJDaHR0cHMlM0ElMkYlMkZ3d3cubWFzZGV1Lm5ldCUyRmZyJTJGcHJvZHVjdG9zJTJGcGF0ZS1zYWJsZWUlMkZtaW5pLXRhcnRlLWJvcmRzLWRyb2l0cy1jYWNhby0zOC1tbSUyRiUyQ2h0dHBzJTNBJTJGJTJGd3d3Lm1hc2RldS5uZXQlMkZmciUyRnByb2R1Y3RvcyUyRnBhdGUtc2FibGVlJTJGbWluaS10YXJ0ZS1ib3Jkcy1kcm9pdHMtYXNzb3J0aW1lbnQtc3VjcmVlLWV0LWNhY2FvLTM4LW1tJTJGJTJDaHR0cHMlM0ElMkYlMkZ3d3cubWFzZGV1Lm5ldCUyRmZyJTJGcHJvZHVjdG9zJTJGcGF0ZS1zYWJsZWUlMkZ0YXJ0ZS1ib3Jkcy1kcm9pdHMtc3VjcmVlLTUwLW1tJTJGJTJDaHR0cHMlM0ElMkYlMkZ3d3cubWFzZGV1Lm5ldCUyRmZyJTJGcHJvZHVjdG9zJTJGcGF0ZS1zYWJsZWUlMkZ0YXJ0ZS1ib3Jkcy1kcm9pdHMtc3VjcmVlLTcwLW1tJTJGJTJDaHR0cHMlM0ElMkYlMkZ3d3cubWFzZGV1Lm5ldCUyRmZyJTJGcHJvZHVjdG9zJTJGcGF0ZS1zYWJsZWUlMkZ0YXJ0ZS1ib3Jkcy1kcm9pdHMtc3VjcmVlLTgwbW0lMkYlMkNodHRwcyUzQSUyRiUyRnd3dy5tYXNkZXUubmV0JTJGZnIlMkZwcm9kdWN0b3MlMkZwYXRlLXNhYmxlZSUyRnRhcnRlLWJvcmRzLWRyb2l0cy1jYWNhby04MC1tbSUyRiUyQ2h0dHBzJTNBJTJGJTJGd3d3Lm1hc2RldS5uZXQlMkZmciUyRnByb2R1Y3RvcyUyRnBhdGUtc2FibGVlJTJGbWluaS10YXJ0ZS1jYXJyZWUtc3VjcmVlLTM1LW1tJTJGJTJDaHR0cHMlM0ElMkYlMkZ3d3cubWFzZGV1Lm5ldCUyRmZyJTJGcHJvZHVjdG9zJTJGcGF0ZS1zYWJsZWUlMkZ0YXJ0ZS1jYXJyZWUtc3VjcmVlLTcwLW1tJTJGJTJDaHR0cHMlM0ElMkYlMkZ3d3cubWFzZGV1Lm5ldCUyRmZyJTJGcHJvZHVjdG9zJTJGcGF0ZS1zYWJsZWUlMkZtaW5pLXRhcnRlLXJlY3RhbmdsZS1zdWNyZWUtNTUtbW0lMkYlMkNodHRwcyUzQSUyRiUyRnd3dy5tYXNkZXUubmV0JTJGZnIlMkZwcm9kdWN0b3MlMkZwYXRlLXNhYmxlZSUyRm1pbmktdGFydGUtcmVjdGFuZ2xlLWNhY2FvLTU1LW1tJTJG\u00a0\u00bb][\/vc_column_inner][\/vc_row_inner][\/vc_column][\/vc_row][vc_row type=\u00a0\u00bbboxed\u00a0\u00bb][vc_column][vc_empty_space][vc_separator][vc_empty_space][\/vc_column][\/vc_row][vc_row type=\u00a0\u00bbboxed\u00a0\u00bb][vc_column][vc_column_text]<\/p>\n<p style=\"text-align: center;\"><span style=\"font-size: 20pt; color: #000000; font-family: playfair-bold-italic;\">Recettes associ\u00e9es<\/span><\/p>\n<p>[\/vc_column_text][vc_empty_space][vc_row_inner type=\u00a0\u00bbboxed\u00a0\u00bb][vc_column_inner][vc_images_carousel images=\u00a0\u00bb3422,3437,3434&Prime; img_size=\u00a0\u00bbfull\u00a0\u00bb onclick=\u00a0\u00bbcustom_link\u00a0\u00bb slides_per_view=\u00a0\u00bb3&Prime; hide_pagination_control=\u00a0\u00bbyes\u00a0\u00bb wrap=\u00a0\u00bbyes\u00a0\u00bb el_class=\u00a0\u00bbrecetas3&Prime; custom_links=\u00a0\u00bb#E-8_aHR0cHMlM0ElMkYlMkZ3d3cubWFzZGV1Lm5ldCUyRnJlY2V0YXMlMkZmciUyRnJlY2V0YXMlMkZtaW5pLXRhcnRlbGV0dGVzLWF1LWNob2NvbGF0JTJGJTJDaHR0cHMlM0ElMkYlMkZ3d3cubWFzZGV1Lm5ldCUyRnJlY2V0YXMlMkZmciUyRnJlY2V0YXMlMkZtaW5pLXRhcnRlbGV0dGVzLWEtbGEtdmFuaWxsZSUyRiUyQ2h0dHBzJTNBJTJGJTJGd3d3Lm1hc2RldS5uZXQlMkZyZWNldGFzJTJGZnIlMkZyZWNldGFzJTJGbWluaS10YXJ0ZWxldHRlcy1hdS1ub3VnYXQlMkY=\u00a0\u00bb][\/vc_column_inner][\/vc_row_inner][\/vc_column][\/vc_row]<\/p>\n<\/div>","protected":false},"excerpt":{"rendered":"<p><em><span style=\"color: #999999;\">DIS408<\/span><\/em><\/p>\n<p><strong>Caracteristiques:<br \/>\n<\/strong>\u00b7 P\u00e2te Sabl\u00e9e<br \/>\n\u00b7 Base Sucr\u00e9e<\/p>\n<p><strong>Sp\u00e9cifications techniques:<br \/>\n<\/strong>\u00b7 Unit\u00e9s\/carton: 192<br \/>\n\u00b7 Dimensions: 20 x 38 mm<\/p>\n<p><strong>Autres indications:<br \/>\n<\/strong>\u00b7 Peut passer au four<br \/>\n\u00b7 R\u00e9sistant \u00e0 la d\u00e9trempe<\/p>\n","protected":false},"featured_media":7507,"template":"","meta":{"_exactmetrics_skip_tracking":false,"_exactmetrics_sitenote_active":false,"_exactmetrics_sitenote_note":"","_exactmetrics_sitenote_category":0,"_monsterinsights_skip_tracking":false,"_monsterinsights_sitenote_active":false,"_monsterinsights_sitenote_note":"","_monsterinsights_sitenote_category":0},"product_brand":[],"product_cat":[177],"product_tag":[],"class_list":{"0":"post-7426","1":"product","2":"type-product","3":"status-publish","4":"has-post-thumbnail","6":"product_cat-pate-sablee","8":"first","9":"instock","10":"product-type-simple"},"_links":{"self":[{"href":"https:\/\/www.masdeu.net\/fr\/wp-json\/wp\/v2\/product\/7426","targetHints":{"allow":["GET"]}}],"collection":[{"href":"https:\/\/www.masdeu.net\/fr\/wp-json\/wp\/v2\/product"}],"about":[{"href":"https:\/\/www.masdeu.net\/fr\/wp-json\/wp\/v2\/types\/product"}],"wp:featuredmedia":[{"embeddable":true,"href":"https:\/\/www.masdeu.net\/fr\/wp-json\/wp\/v2\/media\/7507"}],"wp:attachment":[{"href":"https:\/\/www.masdeu.net\/fr\/wp-json\/wp\/v2\/media?parent=7426"}],"wp:term":[{"taxonomy":"product_brand","embeddable":true,"href":"https:\/\/www.masdeu.net\/fr\/wp-json\/wp\/v2\/product_brand?post=7426"},{"taxonomy":"product_cat","embeddable":true,"href":"https:\/\/www.masdeu.net\/fr\/wp-json\/wp\/v2\/product_cat?post=7426"},{"taxonomy":"product_tag","embeddable":true,"href":"https:\/\/www.masdeu.net\/fr\/wp-json\/wp\/v2\/product_tag?post=7426"}],"curies":[{"name":"wp","href":"https:\/\/api.w.org\/{rel}","templated":true}]}}