{"id":7355,"date":"2023-08-25T08:39:59","date_gmt":"2023-08-25T08:39:59","guid":{"rendered":"https:\/\/www.masdeu.net\/?post_type=product&#038;p=7355"},"modified":"2025-06-20T08:32:39","modified_gmt":"2025-06-20T08:32:39","slug":"mini-tube-cacao-eclats-de-noisette","status":"publish","type":"product","link":"https:\/\/www.masdeu.net\/fr\/productos\/gaufrette-fine\/mini-tube-cacao-eclats-de-noisette\/","title":{"rendered":"Mini-tube Cacao \u00c9clats de Noisette"},"content":{"rendered":"<div class=\"wpb-content-wrapper\"><p>[vc_row type=\u00a0\u00bbboxed\u00a0\u00bb][vc_column][vc_column_text]<\/p>\n<p style=\"text-align: center;\"><span style=\"font-size: 20pt; color: #000000; font-family: playfair-bold-italic;\">Produits associ\u00e9s<\/span><\/p>\n<p>[\/vc_column_text][vc_row_inner type=\u00a0\u00bbboxed\u00a0\u00bb][vc_column_inner][vc_images_carousel images=\u00a0\u00bb3116,3113,8155,8151,3125,8142&Prime; img_size=\u00a0\u00bbfull\u00a0\u00bb onclick=\u00a0\u00bbcustom_link\u00a0\u00bb slides_per_view=\u00a0\u00bb3&Prime; hide_pagination_control=\u00a0\u00bbyes\u00a0\u00bb wrap=\u00a0\u00bbyes\u00a0\u00bb el_class=\u00a0\u00bbproductos8&Prime; custom_links=\u00a0\u00bb#E-8_aHR0cHMlM0ElMkYlMkZ3d3cubWFzZGV1Lm5ldCUyRmZyJTJGcHJvZHVjdG9zJTJGZ2F1ZnJldHRlLWZpbmUlMkZ0dWJlLWNhY2FvLWVjbGF0cy1kZS1ub2lzZXR0ZSUyRiUyQ2h0dHBzJTNBJTJGJTJGd3d3Lm1hc2RldS5uZXQlMkZmciUyRnByb2R1Y3RvcyUyRmdhdWZyZXR0ZS1maW5lJTJGdHViZS1jYWNhbyUyRiUyQ2h0dHBzJTNBJTJGJTJGd3d3Lm1hc2RldS5uZXQlMkZmciUyRnByb2R1Y3RvcyUyRmdhdWZyZXR0ZS1maW5lJTJGbWluaS10dWJlLWNhY2FvJTJGJTJDaHR0cHMlM0ElMkYlMkZ3d3cubWFzZGV1Lm5ldCUyRmZyJTJGcHJvZHVjdG9zJTJGZ2F1ZnJldHRlLWZpbmUlMkZtaW5pLXR1YmUtY2FjYW8tZWNsYXRzLWRlLWNvY28tZ3JpbGxlZSUyRiUyQ2h0dHBzJTNBJTJGJTJGd3d3Lm1hc2RldS5uZXQlMkZmciUyRnByb2R1Y3RvcyUyRmdhdWZyZXR0ZSUyRm1pbmktY29uZS1nYXVmcmV0dGUlMkYlMkNodHRwcyUzQSUyRiUyRnd3dy5tYXNkZXUubmV0JTJGZnIlMkZwcm9kdWN0b3MlMkZnYXVmcmV0dGUlMkZtaW5pLWNvbmUtY2FjYW8tYXNzb3J0aW1lbnQtY291bGV1cnMlMkYlMkMlMkM=\u00a0\u00bb][\/vc_column_inner][\/vc_row_inner][\/vc_column][\/vc_row]<\/p>\n<\/div>","protected":false},"excerpt":{"rendered":"<p><em><span style=\"color: #999999;\">DIS268<\/span><\/em><\/p>\n<p><strong>Caracteristiques:<br \/>\n<\/strong>\u00b7 Gaufrette fine<br \/>\n\u00b7 Base Sucr\u00e9e<\/p>\n<p><strong>Sp\u00e9cifications techniques:<br \/>\n<\/strong>\u00b7 Unit\u00e9s\/carton: 165<br \/>\n\u00b7 Dimensions: 25 x 50 mm<\/p>\n<p><strong>Autres indications:<br \/>\n<\/strong>\u00b7 R\u00e9sistant \u00e0 la d\u00e9trempe<\/p>\n","protected":false},"featured_media":3601,"template":"","meta":{"_exactmetrics_skip_tracking":false,"_exactmetrics_sitenote_active":false,"_exactmetrics_sitenote_note":"","_exactmetrics_sitenote_category":0,"_monsterinsights_skip_tracking":false,"_monsterinsights_sitenote_active":false,"_monsterinsights_sitenote_note":"","_monsterinsights_sitenote_category":0},"product_brand":[],"product_cat":[484],"product_tag":[],"class_list":{"0":"post-7355","1":"product","2":"type-product","3":"status-publish","4":"has-post-thumbnail","6":"product_cat-gaufrette-fine","8":"first","9":"instock","10":"product-type-simple"},"_links":{"self":[{"href":"https:\/\/www.masdeu.net\/fr\/wp-json\/wp\/v2\/product\/7355","targetHints":{"allow":["GET"]}}],"collection":[{"href":"https:\/\/www.masdeu.net\/fr\/wp-json\/wp\/v2\/product"}],"about":[{"href":"https:\/\/www.masdeu.net\/fr\/wp-json\/wp\/v2\/types\/product"}],"wp:featuredmedia":[{"embeddable":true,"href":"https:\/\/www.masdeu.net\/fr\/wp-json\/wp\/v2\/media\/3601"}],"wp:attachment":[{"href":"https:\/\/www.masdeu.net\/fr\/wp-json\/wp\/v2\/media?parent=7355"}],"wp:term":[{"taxonomy":"product_brand","embeddable":true,"href":"https:\/\/www.masdeu.net\/fr\/wp-json\/wp\/v2\/product_brand?post=7355"},{"taxonomy":"product_cat","embeddable":true,"href":"https:\/\/www.masdeu.net\/fr\/wp-json\/wp\/v2\/product_cat?post=7355"},{"taxonomy":"product_tag","embeddable":true,"href":"https:\/\/www.masdeu.net\/fr\/wp-json\/wp\/v2\/product_tag?post=7355"}],"curies":[{"name":"wp","href":"https:\/\/api.w.org\/{rel}","templated":true}]}}