{"id":6896,"date":"2022-03-30T15:38:01","date_gmt":"2022-03-30T15:38:01","guid":{"rendered":"https:\/\/www.masdeu.net\/productos\/non%20class\u00e9\/tartaleta-recta-dulce-80-mm\/"},"modified":"2026-02-25T08:18:19","modified_gmt":"2026-02-25T08:18:19","slug":"tarte-bords-droits-sucree-80mm","status":"publish","type":"product","link":"https:\/\/www.masdeu.net\/fr\/productos\/pate-sablee\/tarte-bords-droits-sucree-80mm\/","title":{"rendered":"Tarte Bords Droits Sucr\u00e9e 80 mm"},"content":{"rendered":"<div class=\"wpb-content-wrapper\"><p>[vc_row type=\u00a0\u00bbboxed\u00a0\u00bb][vc_column][vc_column_text]<\/p>\n<p style=\"text-align: center;\"><span style=\"font-size: 20pt; color: #000000; font-family: playfair-bold-italic;\">Produits associ\u00e9s<\/span><\/p>\n<p>[\/vc_column_text][vc_row_inner type=\u00a0\u00bbboxed\u00a0\u00bb][vc_column_inner][vc_images_carousel images=\u00a0\u00bb3927,3076,3172,3175,3178,7409,8577,8569,3160,3163,6180,6192&Prime; img_size=\u00a0\u00bbfull\u00a0\u00bb onclick=\u00a0\u00bbcustom_link\u00a0\u00bb slides_per_view=\u00a0\u00bb3&Prime; hide_pagination_control=\u00a0\u00bbyes\u00a0\u00bb wrap=\u00a0\u00bbyes\u00a0\u00bb css=\u00a0\u00bb\u00a0\u00bb el_class=\u00a0\u00bbproductos8&Prime; custom_links=\u00a0\u00bb#E-8_aHR0cHMlM0ElMkYlMkZ3d3cubWFzZGV1Lm5ldCUyRmZyJTJGcHJvZHVjdG9zJTJGcGF0ZS1zYWJsZWUlMkZtaW5pLXRhcnRlLWJvcmRzLWV2YXNlcy1zdWNyZWUtNDAtbW0lMkYlMkNodHRwcyUzQSUyRiUyRnd3dy5tYXNkZXUubmV0JTJGZnIlMkZwcm9kdWN0b3MlMkZwYXRlLXNhYmxlZSUyRm1pbmktdGFydGUtYm9yZHMtZXZhc2VzLWNhY2FvLTQwLW1tJTJGJTJDaHR0cHMlM0ElMkYlMkZ3d3cubWFzZGV1Lm5ldCUyRmZyJTJGcHJvZHVjdG9zJTJGcGF0ZS1zYWJsZWUlMkZtaW5pLXRhcnRlLWJvcmRzLWRyb2l0cy1zdWNyZWUtMzgtbW0lMkYlMkNodHRwcyUzQSUyRiUyRnd3dy5tYXNkZXUubmV0JTJGZnIlMkZwcm9kdWN0b3MlMkZwYXRlLXNhYmxlZSUyRm1pbmktdGFydGUtYm9yZHMtZHJvaXRzLWNhY2FvLTM4LW1tJTJGJTJDaHR0cHMlM0ElMkYlMkZ3d3cubWFzZGV1Lm5ldCUyRmZyJTJGcHJvZHVjdG9zJTJGcGF0ZS1zYWJsZWUlMkZtaW5pLXRhcnRlLWJvcmRzLWRyb2l0cy1hc3NvcnRpbWVudC1zdWNyZWUtZXQtY2FjYW8tMzgtbW0lMkYlMkNodHRwcyUzQSUyRiUyRnd3dy5tYXNkZXUubmV0JTJGZnIlMkZwcm9kdWN0b3MlMkZwYXRlLXNhYmxlZSUyRnRhcnRlLWJvcmRzLWRyb2l0cy1zdWNyZWUtNTAtbW0lMkYlMkNodHRwcyUzQSUyRiUyRnd3dy5tYXNkZXUubmV0JTJGZnIlMkZwcm9kdWN0b3MlMkZwYXRlLXNhYmxlZSUyRnRhcnRlLWJvcmRzLWRyb2l0cy1zdWNyZWUtNzAtbW0lMkYlMkNodHRwcyUzQSUyRiUyRnd3dy5tYXNkZXUubmV0JTJGZnIlMkZwcm9kdWN0b3MlMkZwYXRlLXNhYmxlZSUyRnRhcnRlLWJvcmRzLWRyb2l0cy1jYWNhby04MC1tbSUyRiUyQ2h0dHBzJTNBJTJGJTJGd3d3Lm1hc2RldS5uZXQlMkZmciUyRnByb2R1Y3RvcyUyRnBhdGUtc2FibGVlJTJGbWluaS10YXJ0ZS1jYXJyZWUtc3VjcmVlLTM1LW1tJTJGJTJDaHR0cHMlM0ElMkYlMkZ3d3cubWFzZGV1Lm5ldCUyRmZyJTJGcHJvZHVjdG9zJTJGcGF0ZS1zYWJsZWUlMkZ0YXJ0ZS1jYXJyZWUtc3VjcmVlLTcwLW1tJTJGJTJDaHR0cHMlM0ElMkYlMkZ3d3cubWFzZGV1Lm5ldCUyRmZyJTJGcHJvZHVjdG9zJTJGcGF0ZS1zYWJsZWUlMkZtaW5pLXRhcnRlLXJlY3RhbmdsZS1zdWNyZWUtNTUtbW0lMkYlMkNodHRwcyUzQSUyRiUyRnd3dy5tYXNkZXUubmV0JTJGZnIlMkZwcm9kdWN0b3MlMkZwYXRlLXNhYmxlZSUyRm1pbmktdGFydGUtcmVjdGFuZ2xlLWNhY2FvLTU1LW1tJTJG\u00a0\u00bb][\/vc_column_inner][\/vc_row_inner][\/vc_column][\/vc_row][vc_row type=\u00a0\u00bbboxed\u00a0\u00bb][vc_column][vc_empty_space][vc_separator][vc_empty_space][\/vc_column][\/vc_row][vc_row type=\u00a0\u00bbboxed\u00a0\u00bb][vc_column][vc_column_text]<\/p>\n<p style=\"text-align: center;\"><span style=\"font-size: 20pt; color: #000000; font-family: playfair-bold-italic;\">Recettes associ\u00e9es<\/span><\/p>\n<p>[\/vc_column_text][vc_empty_space][vc_row_inner type=\u00a0\u00bbboxed\u00a0\u00bb][vc_column_inner][vc_images_carousel images=\u00a0\u00bb3424,3439,3427&Prime; img_size=\u00a0\u00bbfull\u00a0\u00bb onclick=\u00a0\u00bbcustom_link\u00a0\u00bb slides_per_view=\u00a0\u00bb3&Prime; hide_pagination_control=\u00a0\u00bbyes\u00a0\u00bb wrap=\u00a0\u00bbyes\u00a0\u00bb el_class=\u00a0\u00bbrecetas3&Prime; custom_links=\u00a0\u00bb#E-8_aHR0cHMlM0ElMkYlMkZ3d3cubWFzZGV1Lm5ldCUyRnJlY2V0YXMlMkZmciUyRnJlY2V0YXMlMkZtaW5pLXRhcnRlbGV0dGVzLWF1LWNob2NvbGF0JTJGJTJDJTIwaHR0cHMlM0ElMkYlMkZ3d3cubWFzZGV1Lm5ldCUyRnJlY2V0YXMlMkZmciUyRnJlY2V0YXMlMkZtaW5pLXRhcnRlbGV0dGVzLWEtbGEtdmFuaWxsZSUyRiUyQyUyMGh0dHBzJTNBJTJGJTJGd3d3Lm1hc2RldS5uZXQlMkZyZWNldGFzJTJGZnIlMkZyZWNldGFzJTJGbWluaS10YXJ0ZWxldHRlcy1hLWxhLWNyZW1lLWNhdGFsYW5lJTJG\u00a0\u00bb][\/vc_column_inner][\/vc_row_inner][\/vc_column][\/vc_row]<\/p>\n<\/div>","protected":false},"excerpt":{"rendered":"<p><em><span style=\"color: #999999;\">DIS308<\/span><\/em><\/p>\n<p><strong>Caracteristiques:<br \/>\n<\/strong>\u00b7 P\u00e2te Sabl\u00e9e<br \/>\n\u00b7 Base Sucr\u00e9e<\/p>\n<p><strong>Sp\u00e9cifications techniques:<br \/>\n<\/strong>\u00b7 Unit\u00e9s\/carton: 96<br \/>\n\u00b7 Dimensions: 18 x 80 mm<\/p>\n<p><strong>Autres indications:<br \/>\n<\/strong>\u00b7 Peut passer au four<br \/>\n\u00b7 R\u00e9sistant \u00e0 la d\u00e9trempe<\/p>\n","protected":false},"featured_media":8557,"template":"","meta":{"_exactmetrics_skip_tracking":false,"_exactmetrics_sitenote_active":false,"_exactmetrics_sitenote_note":"","_exactmetrics_sitenote_category":0,"_monsterinsights_skip_tracking":false,"_monsterinsights_sitenote_active":false,"_monsterinsights_sitenote_note":"","_monsterinsights_sitenote_category":0},"product_brand":[],"product_cat":[177],"product_tag":[],"class_list":{"0":"post-6896","1":"product","2":"type-product","3":"status-publish","4":"has-post-thumbnail","6":"product_cat-pate-sablee","8":"first","9":"instock","10":"product-type-simple"},"_links":{"self":[{"href":"https:\/\/www.masdeu.net\/fr\/wp-json\/wp\/v2\/product\/6896","targetHints":{"allow":["GET"]}}],"collection":[{"href":"https:\/\/www.masdeu.net\/fr\/wp-json\/wp\/v2\/product"}],"about":[{"href":"https:\/\/www.masdeu.net\/fr\/wp-json\/wp\/v2\/types\/product"}],"wp:featuredmedia":[{"embeddable":true,"href":"https:\/\/www.masdeu.net\/fr\/wp-json\/wp\/v2\/media\/8557"}],"wp:attachment":[{"href":"https:\/\/www.masdeu.net\/fr\/wp-json\/wp\/v2\/media?parent=6896"}],"wp:term":[{"taxonomy":"product_brand","embeddable":true,"href":"https:\/\/www.masdeu.net\/fr\/wp-json\/wp\/v2\/product_brand?post=6896"},{"taxonomy":"product_cat","embeddable":true,"href":"https:\/\/www.masdeu.net\/fr\/wp-json\/wp\/v2\/product_cat?post=6896"},{"taxonomy":"product_tag","embeddable":true,"href":"https:\/\/www.masdeu.net\/fr\/wp-json\/wp\/v2\/product_tag?post=6896"}],"curies":[{"name":"wp","href":"https:\/\/api.w.org\/{rel}","templated":true}]}}