{"id":6248,"date":"2021-12-22T10:14:47","date_gmt":"2021-12-22T10:14:47","guid":{"rendered":"https:\/\/www.masdeu.net\/productos\/non%20class\u00e9\/mini-tartaleta-rectangular-cacao-55-mm\/"},"modified":"2023-10-23T14:29:38","modified_gmt":"2023-10-23T14:29:38","slug":"mini-tarte-rectangle-cacao-55-mm","status":"publish","type":"product","link":"https:\/\/www.masdeu.net\/fr\/productos\/pate-sablee\/mini-tarte-rectangle-cacao-55-mm\/","title":{"rendered":"Mini-tarte Rectangle Cacao 55 mm"},"content":{"rendered":"<div class=\"wpb-content-wrapper\"><p>[vc_row type=\u00a0\u00bbboxed\u00a0\u00bb][vc_column][vc_column_text]<\/p>\n<p style=\"text-align: center;\"><span style=\"font-size: 20pt; color: #000000; font-family: playfair-bold-italic;\">Produits associ\u00e9s<\/span><\/p>\n<p>[\/vc_column_text][vc_row_inner type=\u00a0\u00bbboxed\u00a0\u00bb][vc_column_inner][vc_images_carousel images=\u00a0\u00bb3927,3076,3172,3175,3178,7409,3157,3160,3163,6180&Prime; img_size=\u00a0\u00bbfull\u00a0\u00bb onclick=\u00a0\u00bbcustom_link\u00a0\u00bb slides_per_view=\u00a0\u00bb3&Prime; hide_pagination_control=\u00a0\u00bbyes\u00a0\u00bb wrap=\u00a0\u00bbyes\u00a0\u00bb el_class=\u00a0\u00bbproductos8&Prime; custom_links=\u00a0\u00bb#E-8_aHR0cHMlM0ElMkYlMkZ3d3cubWFzZGV1Lm5ldCUyRmZyJTJGcHJvZHVjdG9zJTJGcGF0ZS1zYWJsZWUlMkZtaW5pLXRhcnRlLWJvcmRzLWV2YXNlcy1zdWNyZWUtNDAtbW0lMkYlMkNodHRwcyUzQSUyRiUyRnd3dy5tYXNkZXUubmV0JTJGZnIlMkZwcm9kdWN0b3MlMkZwYXRlLXNhYmxlZSUyRm1pbmktdGFydGUtYm9yZHMtZXZhc2VzLWNhY2FvLTQwLW1tJTJGJTJDaHR0cHMlM0ElMkYlMkZ3d3cubWFzZGV1Lm5ldCUyRmZyJTJGcHJvZHVjdG9zJTJGcGF0ZS1zYWJsZWUlMkZtaW5pLXRhcnRlLWJvcmRzLWRyb2l0cy1zdWNyZWUtMzgtbW0lMkYlMkNodHRwcyUzQSUyRiUyRnd3dy5tYXNkZXUubmV0JTJGZnIlMkZwcm9kdWN0b3MlMkZwYXRlLXNhYmxlZSUyRm1pbmktdGFydGUtYm9yZHMtZHJvaXRzLWNhY2FvLTM4LW1tJTJGJTJDaHR0cHMlM0ElMkYlMkZ3d3cubWFzZGV1Lm5ldCUyRmZyJTJGcHJvZHVjdG9zJTJGcGF0ZS1zYWJsZWUlMkZtaW5pLXRhcnRlLWJvcmRzLWRyb2l0cy1hc3NvcnRpbWVudC1zdWNyZWUtZXQtY2FjYW8tMzgtbW0lMkYlMkNodHRwcyUzQSUyRiUyRnd3dy5tYXNkZXUubmV0JTJGZnIlMkZwcm9kdWN0b3MlMkZwYXRlLXNhYmxlZSUyRnRhcnRlLWJvcmRzLWRyb2l0cy1zdWNyZWUtNTAtbW0lMkYlMkNodHRwcyUzQSUyRiUyRnd3dy5tYXNkZXUubmV0JTJGZnIlMkZwcm9kdWN0b3MlMkZwYXRlLXNhYmxlZSUyRnRhcnRlLWJvcmRzLWRyb2l0cy1zdWNyZWUtNzAtbW0lMkYlMkNodHRwcyUzQSUyRiUyRnd3dy5tYXNkZXUubmV0JTJGZnIlMkZwcm9kdWN0b3MlMkZwYXRlLXNhYmxlZSUyRm1pbmktdGFydGUtY2FycmVlLXN1Y3JlZS0zNS1tbSUyRiUyQ2h0dHBzJTNBJTJGJTJGd3d3Lm1hc2RldS5uZXQlMkZmciUyRnByb2R1Y3RvcyUyRnBhdGUtc2FibGVlJTJGdGFydGUtY2FycmVlLXN1Y3JlZS03MC1tbSUyRiUyQ2h0dHBzJTNBJTJGJTJGd3d3Lm1hc2RldS5uZXQlMkZmciUyRnByb2R1Y3RvcyUyRnBhdGUtc2FibGVlJTJGbWluaS10YXJ0ZS1yZWN0YW5nbGUtc3VjcmVlLTU1LW1tJTJG\u00a0\u00bb][\/vc_column_inner][\/vc_row_inner][\/vc_column][\/vc_row][vc_row type=\u00a0\u00bbboxed\u00a0\u00bb][vc_column][vc_empty_space][vc_separator][vc_empty_space][\/vc_column][\/vc_row][vc_row type=\u00a0\u00bbboxed\u00a0\u00bb][vc_column][vc_column_text]<\/p>\n<p style=\"text-align: center;\"><span style=\"font-size: 20pt; color: #000000; font-family: playfair-bold-italic;\">Recettes associ\u00e9es<\/span><\/p>\n<p>[\/vc_column_text][vc_empty_space][vc_row_inner type=\u00a0\u00bbboxed\u00a0\u00bb][vc_column_inner][vc_images_carousel images=\u00a0\u00bb3424,3439,3436&Prime; img_size=\u00a0\u00bbfull\u00a0\u00bb onclick=\u00a0\u00bbcustom_link\u00a0\u00bb slides_per_view=\u00a0\u00bb3&Prime; hide_pagination_control=\u00a0\u00bbyes\u00a0\u00bb wrap=\u00a0\u00bbyes\u00a0\u00bb el_class=\u00a0\u00bbrecetas3&Prime; custom_links=\u00a0\u00bb#E-8_aHR0cHMlM0ElMkYlMkZ3d3cubWFzZGV1Lm5ldCUyRnJlY2V0YXMlMkZmciUyRnJlY2V0YXMlMkZtaW5pLXRhcnRlbGV0dGVzLWF1LWNob2NvbGF0JTJGJTJDJTIwaHR0cHMlM0ElMkYlMkZ3d3cubWFzZGV1Lm5ldCUyRnJlY2V0YXMlMkZmciUyRnJlY2V0YXMlMkZtaW5pLXRhcnRlbGV0dGVzLWEtbGEtdmFuaWxsZSUyRiUyQ2h0dHBzJTNBJTJGJTJGd3d3Lm1hc2RldS5uZXQlMkZyZWNldGFzJTJGZnIlMkZyZWNldGFzJTJGbWluaS10YXJ0ZWxldHRlcy1hdS1ub3VnYXQlMkYlMkM=\u00a0\u00bb][\/vc_column_inner][\/vc_row_inner][\/vc_column][\/vc_row]<\/p>\n<\/div>","protected":false},"excerpt":{"rendered":"<p><em><span style=\"color: #999999;\">DIS412<\/span><\/em><\/p>\n<p><strong>Caracteristiques:<br \/>\n<\/strong>\u00b7 P\u00e2te Sabl\u00e9e<br \/>\n\u00b7 Base Sucr\u00e9e<\/p>\n<p><strong>Sp\u00e9cifications techniques:<br \/>\n<\/strong>\u00b7 Unit\u00e9s\/carton: 144<br \/>\n\u00b7 Dimensions: 20 x 27 x 55 mm<\/p>\n<p><strong>Autres indications:<br \/>\n<\/strong>\u00b7 R\u00e9sistant \u00e0 la d\u00e9trempe<br \/>\n\u00b7 Peut passer au four<\/p>\n","protected":false},"featured_media":6558,"template":"","meta":{"_exactmetrics_skip_tracking":false,"_exactmetrics_sitenote_active":false,"_exactmetrics_sitenote_note":"","_exactmetrics_sitenote_category":0,"_monsterinsights_skip_tracking":false,"_monsterinsights_sitenote_active":false,"_monsterinsights_sitenote_note":"","_monsterinsights_sitenote_category":0},"product_brand":[],"product_cat":[177],"product_tag":[],"class_list":{"0":"post-6248","1":"product","2":"type-product","3":"status-publish","4":"has-post-thumbnail","6":"product_cat-pate-sablee","8":"first","9":"instock","10":"product-type-simple"},"_links":{"self":[{"href":"https:\/\/www.masdeu.net\/fr\/wp-json\/wp\/v2\/product\/6248","targetHints":{"allow":["GET"]}}],"collection":[{"href":"https:\/\/www.masdeu.net\/fr\/wp-json\/wp\/v2\/product"}],"about":[{"href":"https:\/\/www.masdeu.net\/fr\/wp-json\/wp\/v2\/types\/product"}],"wp:featuredmedia":[{"embeddable":true,"href":"https:\/\/www.masdeu.net\/fr\/wp-json\/wp\/v2\/media\/6558"}],"wp:attachment":[{"href":"https:\/\/www.masdeu.net\/fr\/wp-json\/wp\/v2\/media?parent=6248"}],"wp:term":[{"taxonomy":"product_brand","embeddable":true,"href":"https:\/\/www.masdeu.net\/fr\/wp-json\/wp\/v2\/product_brand?post=6248"},{"taxonomy":"product_cat","embeddable":true,"href":"https:\/\/www.masdeu.net\/fr\/wp-json\/wp\/v2\/product_cat?post=6248"},{"taxonomy":"product_tag","embeddable":true,"href":"https:\/\/www.masdeu.net\/fr\/wp-json\/wp\/v2\/product_tag?post=6248"}],"curies":[{"name":"wp","href":"https:\/\/api.w.org\/{rel}","templated":true}]}}