{"id":5042,"date":"2019-05-06T09:46:22","date_gmt":"2019-05-09T10:30:44","guid":{"rendered":"https:\/\/www.masdeu.net\/productos\/non%20class\u00e9\/mini-tarte-bords-evases-sucree-40-mm\/"},"modified":"2023-09-14T09:10:13","modified_gmt":"2023-09-14T09:10:13","slug":"mini-tarte-bords-evases-sucree-40-mm","status":"publish","type":"product","link":"https:\/\/www.masdeu.net\/fr\/productos\/pate-sablee\/mini-tarte-bords-evases-sucree-40-mm\/","title":{"rendered":"Mini-tarte Bords \u00c9vas\u00e9s Sucr\u00e9e 40 mm"},"content":{"rendered":"<div class=\"wpb-content-wrapper\"><p>[vc_row type=\u00a0\u00bbboxed\u00a0\u00bb][vc_column][vc_column_text]<\/p>\n<p style=\"text-align: center\"><span style=\"font-size: 20pt;color: #000000;font-family: playfair-bold-italic\">Produits associ\u00e9s<\/span><\/p>\n<p>[\/vc_column_text][vc_row_inner type=\u00a0\u00bbboxed\u00a0\u00bb][vc_column_inner][vc_images_carousel images=\u00a0\u00bb3182,3179,3925,3074,3152,3170,3173,3176&Prime; img_size=\u00a0\u00bbfull\u00a0\u00bb onclick=\u00a0\u00bbcustom_link\u00a0\u00bb slides_per_view=\u00a0\u00bb3&Prime; hide_pagination_control=\u00a0\u00bbyes\u00a0\u00bb wrap=\u00a0\u00bbyes\u00a0\u00bb el_class=\u00a0\u00bbproductos8&Prime; custom_links=\u00a0\u00bbhttps:\/\/www.masdeu.net\/fr\/productos\/pate-sablee\/mini-tarte-bords-droits-noire-38-mm\/, https:\/\/www.masdeu.net\/fr\/productos\/pate-sablee\/mini-tarte-bords-droits-assortiment-neutre-et-noire-38-mm\/, https:\/\/www.masdeu.net\/fr\/productos\/pate-sablee\/mini-tarte-bords-evases-neutre-40-mm\/, https:\/\/www.masdeu.net\/fr\/productos\/pate-sablee\/mini-tarte-bords-evases-cacao-40-mm\/, https:\/\/www.masdeu.net\/fr\/productos\/pate-sablee\/tarte-bords-evases-sucree-50-mm\/, https:\/\/www.masdeu.net\/fr\/productos\/pate-sablee\/mini-tarte-bords-droits-sucree-38-mm\/, https:\/\/www.masdeu.net\/fr\/productos\/pate-sablee\/mini-tarte-bords-droits-cacao-38-mm\/, https:\/\/www.masdeu.net\/fr\/productos\/pate-sablee\/mini-tarte-bords-droits-assortiment-sucree-et-cacao-38-mm\/\u00a0\u00bb][\/vc_column_inner][\/vc_row_inner][\/vc_column][\/vc_row][vc_row type=\u00a0\u00bbboxed\u00a0\u00bb][vc_column][vc_empty_space][vc_separator][vc_empty_space][\/vc_column][\/vc_row][vc_row type=\u00a0\u00bbboxed\u00a0\u00bb][vc_column][vc_column_text]<\/p>\n<p style=\"text-align: center\"><span style=\"font-size: 20pt;color: #000000;font-family: playfair-bold-italic\">Recettes associ\u00e9es<\/span><\/p>\n<p>[\/vc_column_text][vc_empty_space][vc_row_inner type=\u00a0\u00bbboxed\u00a0\u00bb][vc_column_inner][vc_images_carousel images=\u00a0\u00bb3422,3437,3425&Prime; img_size=\u00a0\u00bbfull\u00a0\u00bb onclick=\u00a0\u00bbcustom_link\u00a0\u00bb slides_per_view=\u00a0\u00bb3&Prime; hide_pagination_control=\u00a0\u00bbyes\u00a0\u00bb wrap=\u00a0\u00bbyes\u00a0\u00bb el_class=\u00a0\u00bbrecetas3&Prime; custom_links=\u00a0\u00bbhttps:\/\/www.masdeu.net\/recetas\/fr\/recetas\/mini-tartelettes-au-chocolat\/, https:\/\/www.masdeu.net\/recetas\/fr\/recetas\/mini-tartelettes-a-la-vanille\/, https:\/\/www.masdeu.net\/recetas\/fr\/recetas\/mini-tartelettes-a-la-creme-catalane\/\u00a0\u00bb][\/vc_column_inner][\/vc_row_inner][\/vc_column][\/vc_row]<\/p>\n<\/div>","protected":false},"excerpt":{"rendered":"<p><em><span style=\"color: #999999\">DIS251<\/span><\/em><\/p>\n<p><strong>Caracteristiques:<br \/>\n<\/strong>\u00b7 P\u00e2te Sabl\u00e9e<br \/>\n\u00b7 Base Sucr\u00e9e<\/p>\n<p><strong>Sp\u00e9cifications techniques:<br \/>\n<\/strong>\u00b7 Unit\u00e9s\/carton: 280<br \/>\n\u00b7 Dimensions: 18 x 40 mm<\/p>\n<p><strong>Autres indications:<br \/>\n<\/strong>\u00b7 Peut passer au four<br \/>\n\u00b7 R\u00e9sistant \u00e0 la d\u00e9trempe<\/p>\n","protected":false},"featured_media":5237,"template":"","meta":{"_exactmetrics_skip_tracking":false,"_exactmetrics_sitenote_active":false,"_exactmetrics_sitenote_note":"","_exactmetrics_sitenote_category":0,"_monsterinsights_skip_tracking":false,"_monsterinsights_sitenote_active":false,"_monsterinsights_sitenote_note":"","_monsterinsights_sitenote_category":0},"product_brand":[],"product_cat":[177],"product_tag":[],"class_list":{"0":"post-5042","1":"product","2":"type-product","3":"status-publish","4":"has-post-thumbnail","6":"product_cat-pate-sablee","8":"first","9":"instock","10":"product-type-simple"},"_links":{"self":[{"href":"https:\/\/www.masdeu.net\/fr\/wp-json\/wp\/v2\/product\/5042","targetHints":{"allow":["GET"]}}],"collection":[{"href":"https:\/\/www.masdeu.net\/fr\/wp-json\/wp\/v2\/product"}],"about":[{"href":"https:\/\/www.masdeu.net\/fr\/wp-json\/wp\/v2\/types\/product"}],"wp:featuredmedia":[{"embeddable":true,"href":"https:\/\/www.masdeu.net\/fr\/wp-json\/wp\/v2\/media\/5237"}],"wp:attachment":[{"href":"https:\/\/www.masdeu.net\/fr\/wp-json\/wp\/v2\/media?parent=5042"}],"wp:term":[{"taxonomy":"product_brand","embeddable":true,"href":"https:\/\/www.masdeu.net\/fr\/wp-json\/wp\/v2\/product_brand?post=5042"},{"taxonomy":"product_cat","embeddable":true,"href":"https:\/\/www.masdeu.net\/fr\/wp-json\/wp\/v2\/product_cat?post=5042"},{"taxonomy":"product_tag","embeddable":true,"href":"https:\/\/www.masdeu.net\/fr\/wp-json\/wp\/v2\/product_tag?post=5042"}],"curies":[{"name":"wp","href":"https:\/\/api.w.org\/{rel}","templated":true}]}}