{"id":4512,"date":"2018-08-07T11:06:22","date_gmt":"2018-08-07T11:06:22","guid":{"rendered":"https:\/\/www.masdeu.net\/experiencia\/"},"modified":"2025-09-26T10:54:44","modified_gmt":"2025-09-26T10:54:44","slug":"experience","status":"publish","type":"page","link":"https:\/\/www.masdeu.net\/fr\/experience\/","title":{"rendered":"Exp\u00e9rience"},"content":{"rendered":"<div class=\"wpb-content-wrapper\"><p>[vc_row css=\u00a0\u00bb.vc_custom_1550744864968{background: #000000 url(https:\/\/www.masdeu.net\/wp-content\/uploads\/2019\/02\/experiencia-masdeu-02.jpg?id=2544) !important;background-position: 0 0 !important;background-repeat: no-repeat !important;}\u00a0\u00bb][vc_column][vc_empty_space height=\u00a0\u00bb115px\u00a0\u00bb][vc_row_inner type=\u00a0\u00bbboxed\u00a0\u00bb][vc_column_inner][vc_column_text]<\/p>\n<h1 style=\"text-align: right;\"><span style=\"font-family: playfair; color: #ffffff;\">Exp\u00e9rience<\/span><\/h1>\n<p>&nbsp;<\/p>\n<h3 style=\"text-align: right;\"><span style=\"color: #ffffff; font-size: 20pt; font-family: playfair-italic-no;\">La tradition artisanale<br \/>\n<\/span><span style=\"color: #ffffff; font-size: 20pt; font-family: playfair-italic-no;\">donne de solide base \u00e0 notre<br \/>\n<\/span><span style=\"color: #ffffff; font-size: 20pt; font-family: playfair-italic-no;\">capacit\u00e9 d\u2019innovation<\/span><\/h3>\n<p>[\/vc_column_text][\/vc_column_inner][\/vc_row_inner][vc_empty_space height=\u00a0\u00bb115px\u00a0\u00bb][\/vc_column][\/vc_row][vc_row][vc_column][vc_row_inner type=\u00a0\u00bbboxed\u00a0\u00bb el_class=\u00a0\u00bbexpertise1&Prime;][vc_column_inner][vc_empty_space height=\u00a0\u00bb80px\u00a0\u00bb][vc_column_text]<\/p>\n<h3>Notre savoir-faire toujours \u00e0 votre service<\/h3>\n<p>[\/vc_column_text][vc_empty_space height=\u00a0\u00bb20px\u00a0\u00bb][vc_column_text]Notre pass\u00e9 d&rsquo;artisans nous am\u00e8ne \u00e0 accorder un soin tout particulier \u00e0 la s\u00e9lection des mati\u00e8res premi\u00e8res et \u00e0 exiger une fabrication qui respecte certains crit\u00e8res de qualit\u00e9 pour proposer \u00e0 nos clients des produits irr\u00e9prochables, de mani\u00e8re syst\u00e9matique et en toute circonstance.<\/p>\n<p>Ces conditions sont rest\u00e9es les m\u00eames y compris apr\u00e8s la mise en place des processus de production industrielle les plus modernes et novateurs.[\/vc_column_text][vc_empty_space height=\u00a0\u00bb50px\u00a0\u00bb][vc_single_image image=\u00a0\u00bb2205&Prime; img_size=\u00a0\u00bbfull\u00a0\u00bb][\/vc_column_inner][\/vc_row_inner][vc_row_inner type=\u00a0\u00bbboxed\u00a0\u00bb el_class=\u00a0\u00bbexpertise2&Prime;][vc_column_inner][vc_empty_space height=\u00a0\u00bb50px\u00a0\u00bb][vc_column_text]<\/p>\n<h3>Qualit\u00e9 \u00e0 savourer<\/h3>\n<p>[\/vc_column_text][vc_empty_space height=\u00a0\u00bb30px\u00a0\u00bb][vc_column_text]La p\u00e2te feuillet\u00e9e \u00e9labor\u00e9e sur le site des Lucs-sur-Boulogne est pr\u00e9par\u00e9e selon la m\u00e9thode fran\u00e7aise traditionnelle. Ce processus demande plus de temps et d&rsquo;efforts, mais il est le seul capable de garantir la qualit\u00e9 organoleptique que nous appr\u00e9cions le plus dans la p\u00e2te feuillet\u00e9e : la d\u00e9licatesse du go\u00fbt, le d\u00e9veloppement et, par-dessus tout, la texture l\u00e9g\u00e8re et croustillante de ses nombreuses couches. Toutes ces caract\u00e9ristiques subliment la qualit\u00e9 de la garniture que le professionnel pr\u00e9pare dans sa cuisine.[\/vc_column_text][vc_empty_space height=\u00a0\u00bb50px\u00a0\u00bb][vc_separator][\/vc_column_inner][\/vc_row_inner][vc_empty_space height=\u00a0\u00bb50px\u00a0\u00bb][\/vc_column][\/vc_row][vc_row][vc_column][vc_row_inner type=\u00a0\u00bbboxed\u00a0\u00bb el_class=\u00a0\u00bbexpertise2&Prime;][vc_column_inner width=\u00a0\u00bb1\/2&Prime;][vc_column_text]<\/p>\n<h3>L&rsquo;innovation est inscrite dans nos g\u00e8nes<\/h3>\n<p>[\/vc_column_text][vc_empty_space height=\u00a0\u00bb30px\u00a0\u00bb][vc_column_text]Chez Masdeu, la tradition n&rsquo;a jamais \u00e9t\u00e9 un frein au progr\u00e8s, bien au contraire. Il s&rsquo;agit en effet d&rsquo;une force qui nous pousse \u00e0 engager notre exp\u00e9rience et notre esprit d&rsquo;innovation. Cr\u00e9er de nouveaux produits, avec de nouvelles formes ou saveurs, donne un sens \u00e0 notre dynamique et au service que nous proposons. Preuve en est notre proposition originale de mini-c\u00f4nes gaufr\u00e9s pr\u00e9sent\u00e9s en alv\u00e9oles, disponibles dans de nombreuses vari\u00e9t\u00e9s, aussi bien pour les agr\u00e9menter de garnitures sucr\u00e9es ou sal\u00e9es.[\/vc_column_text][vc_empty_space height=\u00a0\u00bb50px\u00a0\u00bb][\/vc_column_inner][vc_column_inner width=\u00a0\u00bb1\/2&Prime;][vc_single_image image=\u00a0\u00bb2212&Prime; img_size=\u00a0\u00bbfull\u00a0\u00bb][\/vc_column_inner][\/vc_row_inner][vc_row_inner type=\u00a0\u00bbboxed\u00a0\u00bb el_class=\u00a0\u00bbexpertise2&Prime;][vc_column_inner][vc_separator][vc_empty_space height=\u00a0\u00bb50px\u00a0\u00bb][\/vc_column_inner][\/vc_row_inner][vc_row_inner type=\u00a0\u00bbboxed\u00a0\u00bb el_class=\u00a0\u00bbexpertise2&Prime;][vc_column_inner][vc_column_text css=\u00a0\u00bb\u00a0\u00bb]<\/p>\n<h3>Programa Icex Next<\/h3>\n<p>[\/vc_column_text][vc_empty_space height=\u00a0\u00bb30px\u00a0\u00bb][vc_column_text css=\u00a0\u00bb\u00a0\u00bb]<img decoding=\"async\" class=\"alignnone size-full wp-image-8339\" src=\"https:\/\/www.masdeu.net\/wp-content\/uploads\/2025\/09\/FEDER_Hacienda_POS-1.svg\" alt=\"\" \/>[\/vc_column_text][vc_column_text css=\u00a0\u00bb\u00a0\u00bb]<\/p>\n<p style=\"text-align: center;\">\u2018\u2019ESPECIALITATS M. MASDEU, S.L. ha participado en el Programa de Iniciaci\u00f3n a la Exportaci\u00f3n ICEX-Next, y ha contado con el apoyo de ICEX, as\u00ed como con la cofinanciaci\u00f3n de Fondos europeos FEDER, habiendo contribuido seg\u00fan la medida de los mismos, al crecimiento econ\u00f3mico de esta empresa, su regi\u00f3n y de Espa\u00f1a en su conjunto\u2019\u2019<\/p>\n<p>[\/vc_column_text][vc_empty_space height=\u00a0\u00bb50px\u00a0\u00bb][vc_separator][vc_empty_space height=\u00a0\u00bb50px\u00a0\u00bb][\/vc_column_inner][\/vc_row_inner][vc_row_inner type=\u00a0\u00bbboxed\u00a0\u00bb el_class=\u00a0\u00bbexpertise2&Prime;][vc_column_inner][vc_column_text]<\/p>\n<h3>Nos certifications externes<\/h3>\n<p>[\/vc_column_text][vc_empty_space height=\u00a0\u00bb30px\u00a0\u00bb][vc_column_text]Plusieurs audits certifient chaque ann\u00e9e la m\u00e9thodologie optimale et rigoureuse que nous appliquons \u00e0 nos processus de production, \u00e0 la tra\u00e7abilit\u00e9 de nos produits et au choix des mati\u00e8res premi\u00e8res, sans oublier la maintenance approfondie \u00e0 laquelle tous nos \u00e9quipements et notre mat\u00e9riel sont soumis pour \u00e9laborer les produits Masdeu.[\/vc_column_text][vc_empty_space height=\u00a0\u00bb50px\u00a0\u00bb][vc_single_image image=\u00a0\u00bb6074&Prime; img_size=\u00a0\u00bbfull\u00a0\u00bb][vc_empty_space height=\u00a0\u00bb50px\u00a0\u00bb][vc_column_text]Parmi l\u2019ensemble des certifications dont nous sommes titulaires, nous disposons des r\u00e9f\u00e9rentiels de l\u2019International Food Standard (IFS), ainsi que des labels concernant l\u2019utilisation de certains ingr\u00e9dients comme le RSPO, ou des appellations garantissant des \u00e9laborations sp\u00e9cifiques (Halal).[\/vc_column_text][vc_empty_space height=\u00a0\u00bb30px\u00a0\u00bb][vc_column_text css=\u00a0\u00bb\u00a0\u00bb]<img loading=\"lazy\" decoding=\"async\" class=\"alignnone wp-image-7222 \" src=\"https:\/\/www.masdeu.net\/wp-content\/uploads\/2023\/08\/rspo-logo-2022-1.jpg-1-scaled-e1692713713974-300x288.jpg\" alt=\"\" width=\"174\" height=\"167\" srcset=\"https:\/\/www.masdeu.net\/wp-content\/uploads\/2023\/08\/rspo-logo-2022-1.jpg-1-scaled-e1692713713974-300x288.jpg 300w, https:\/\/www.masdeu.net\/wp-content\/uploads\/2023\/08\/rspo-logo-2022-1.jpg-1-scaled-e1692713713974-1024x983.jpg 1024w, https:\/\/www.masdeu.net\/wp-content\/uploads\/2023\/08\/rspo-logo-2022-1.jpg-1-scaled-e1692713713974-768x737.jpg 768w, https:\/\/www.masdeu.net\/wp-content\/uploads\/2023\/08\/rspo-logo-2022-1.jpg-1-scaled-e1692713713974-1536x1474.jpg 1536w, https:\/\/www.masdeu.net\/wp-content\/uploads\/2023\/08\/rspo-logo-2022-1.jpg-1-scaled-e1692713713974-1286x1234.jpg 1286w, https:\/\/www.masdeu.net\/wp-content\/uploads\/2023\/08\/rspo-logo-2022-1.jpg-1-scaled-e1692713713974.jpg 1854w\" sizes=\"auto, (max-width: 174px) 100vw, 174px\" \/>\u00a0 \u00a0\u00a0 \u00a0 <img loading=\"lazy\" decoding=\"async\" class=\"alignnone wp-image-8344\" src=\"https:\/\/www.masdeu.net\/wp-content\/uploads\/2025\/09\/halal-2025-265x300.png\" alt=\"\" width=\"166\" height=\"188\" srcset=\"https:\/\/www.masdeu.net\/wp-content\/uploads\/2025\/09\/halal-2025-265x300.png 265w, https:\/\/www.masdeu.net\/wp-content\/uploads\/2025\/09\/halal-2025-904x1024.png 904w, https:\/\/www.masdeu.net\/wp-content\/uploads\/2025\/09\/halal-2025-768x870.png 768w, https:\/\/www.masdeu.net\/wp-content\/uploads\/2025\/09\/halal-2025.png 1043w\" sizes=\"auto, (max-width: 166px) 100vw, 166px\" \/>\u00a0 \u00a0 \u00a0 \u00a0 <a href=\"https:\/\/rspo.org\/members\/9-0111-11-000-00\/\"><img loading=\"lazy\" decoding=\"async\" class=\"alignnone wp-image-8348\" src=\"https:\/\/www.masdeu.net\/wp-content\/uploads\/2025\/09\/rspo-logo-2025.jpg-251x300.png\" alt=\"\" width=\"150\" height=\"179\" srcset=\"https:\/\/www.masdeu.net\/wp-content\/uploads\/2025\/09\/rspo-logo-2025.jpg-251x300.png 251w, https:\/\/www.masdeu.net\/wp-content\/uploads\/2025\/09\/rspo-logo-2025.jpg-857x1024.png 857w, https:\/\/www.masdeu.net\/wp-content\/uploads\/2025\/09\/rspo-logo-2025.jpg-768x918.png 768w, https:\/\/www.masdeu.net\/wp-content\/uploads\/2025\/09\/rspo-logo-2025.jpg-1286x1537.png 1286w, https:\/\/www.masdeu.net\/wp-content\/uploads\/2025\/09\/rspo-logo-2025.jpg-1714x2048.png 1714w, https:\/\/www.masdeu.net\/wp-content\/uploads\/2025\/09\/rspo-logo-2025.jpg.png 1986w\" sizes=\"auto, (max-width: 150px) 100vw, 150px\" \/><\/a>[\/vc_column_text][vc_empty_space height=\u00a0\u00bb50px\u00a0\u00bb][\/vc_column_inner][\/vc_row_inner][\/vc_column][\/vc_row]<\/p>\n<\/div>","protected":false},"excerpt":{"rendered":"<p>[vc_row css=\u00a0\u00bb.vc_custom_1550744864968{background: #000000 url(https:\/\/www.masdeu.net\/wp-content\/uploads\/2019\/02\/experiencia-masdeu-02.jpg?id=2544) !important;background-position: 0 0 !important;background-repeat: no-repeat !important;}\u00a0\u00bb][vc_column][vc_empty_space height=\u00a0\u00bb115px\u00a0\u00bb][vc_row_inner type=\u00a0\u00bbboxed\u00a0\u00bb][vc_column_inner][vc_column_text] Exp\u00e9rience &nbsp; La tradition artisanale donne de solide base \u00e0 notre capacit\u00e9 d\u2019innovation [\/vc_column_text][\/vc_column_inner][\/vc_row_inner][vc_empty_space height=\u00a0\u00bb115px\u00a0\u00bb][\/vc_column][\/vc_row][vc_row][vc_column][vc_row_inner type=\u00a0\u00bbboxed\u00a0\u00bb el_class=\u00a0\u00bbexpertise1&Prime;][vc_column_inner][vc_empty_space height=\u00a0\u00bb80px\u00a0\u00bb][vc_column_text] Notre savoir-faire toujours \u00e0 votre service [\/vc_column_text][vc_empty_space height=\u00a0\u00bb20px\u00a0\u00bb][vc_column_text]Notre pass\u00e9 d&rsquo;artisans nous am\u00e8ne \u00e0 accorder un soin tout particulier \u00e0 la s\u00e9lection des mati\u00e8res premi\u00e8res et &hellip;<\/p>\n","protected":false},"author":9,"featured_media":0,"parent":0,"menu_order":0,"comment_status":"closed","ping_status":"closed","template":"templates\/page-full.php","meta":{"_exactmetrics_skip_tracking":false,"_exactmetrics_sitenote_active":false,"_exactmetrics_sitenote_note":"","_exactmetrics_sitenote_category":0,"_monsterinsights_skip_tracking":false,"_monsterinsights_sitenote_active":false,"_monsterinsights_sitenote_note":"","_monsterinsights_sitenote_category":0,"footnotes":""},"class_list":["post-4512","page","type-page","status-publish","hentry"],"_links":{"self":[{"href":"https:\/\/www.masdeu.net\/fr\/wp-json\/wp\/v2\/pages\/4512","targetHints":{"allow":["GET"]}}],"collection":[{"href":"https:\/\/www.masdeu.net\/fr\/wp-json\/wp\/v2\/pages"}],"about":[{"href":"https:\/\/www.masdeu.net\/fr\/wp-json\/wp\/v2\/types\/page"}],"author":[{"embeddable":true,"href":"https:\/\/www.masdeu.net\/fr\/wp-json\/wp\/v2\/users\/9"}],"replies":[{"embeddable":true,"href":"https:\/\/www.masdeu.net\/fr\/wp-json\/wp\/v2\/comments?post=4512"}],"version-history":[{"count":20,"href":"https:\/\/www.masdeu.net\/fr\/wp-json\/wp\/v2\/pages\/4512\/revisions"}],"predecessor-version":[{"id":8369,"href":"https:\/\/www.masdeu.net\/fr\/wp-json\/wp\/v2\/pages\/4512\/revisions\/8369"}],"wp:attachment":[{"href":"https:\/\/www.masdeu.net\/fr\/wp-json\/wp\/v2\/media?parent=4512"}],"curies":[{"name":"wp","href":"https:\/\/api.w.org\/{rel}","templated":true}]}}